{"id":92,"date":"2020-03-31T09:50:35","date_gmt":"2020-03-31T09:50:35","guid":{"rendered":"https:\/\/sigea.pt\/?page_id=92"},"modified":"2026-01-19T09:50:44","modified_gmt":"2026-01-19T09:50:44","slug":"calendario-escolar","status":"publish","type":"page","link":"https:\/\/sigea.pt\/en\/calendario-escolar\/","title":{"rendered":"School Calendar"},"content":{"rendered":"<div id=\"fws_69e77e968db71\"  data-column-margin=\"default\" data-midnight=\"light\" data-top-percent=\"25%\" data-bottom-percent=\"5%\"  class=\"wpb_row vc_row-fluid vc_row full-width-section\"  style=\"padding-top: calc(100vw * 0.25); padding-bottom: calc(100vw * 0.05); \"><div class=\"row-bg-wrap\" data-bg-animation=\"none\" data-bg-overlay=\"true\"><div class=\"inner-wrap using-image\"><div class=\"row-bg viewport-desktop using-image\"  style=\"background-image: url(https:\/\/sigea.pt\/wp-content\/uploads\/2019\/09\/cover-calendario-1.jpg); background-position: center center; background-repeat: no-repeat; \"><\/div><\/div><div class=\"row-bg-overlay\" style=\"background-color:#020202;  opacity: 0.3; \"><\/div><\/div><div class=\"row_col_wrap_12 col span_12 light left\">\n\t<div  class=\"vc_col-sm-12 wpb_column column_container vc_column_container col no-extra-padding inherit_tablet inherit_phone\"  data-padding-pos=\"all\" data-has-bg-color=\"false\" data-bg-color=\"\" data-bg-opacity=\"1\" data-animation=\"\" data-delay=\"0\" >\n\t\t<div class=\"vc_column-inner\" >\n\t\t\t<div class=\"wpb_wrapper\">\n\t\t\t\t\r\n<div class=\"wpb_text_column wpb_content_element\" >\r\n\t<div class=\"wpb_wrapper\">\r\n\t\t<h1>School Calendar<\/h1>\n\t<\/div>\r\n<\/div>\r\n\r\n\r\n\r\n\n\t\t\t<\/div> \n\t\t<\/div>\n\t<\/div> \n<\/div><\/div>\r\n\t\t<div id=\"fws_69e77e968e3d2\"  data-column-margin=\"default\" data-midnight=\"dark\"  class=\"wpb_row vc_row-fluid vc_row\"  style=\"padding-top: 0px; padding-bottom: 0px; \"><div class=\"row-bg-wrap\" data-bg-animation=\"none\" data-bg-overlay=\"false\"><div class=\"inner-wrap\"><div class=\"row-bg viewport-desktop\"  style=\"\"><\/div><\/div><\/div><div class=\"row_col_wrap_12 col span_12 dark left\">\n\t<div  class=\"vc_col-sm-8 wpb_column column_container vc_column_container col padding-5-percent inherit_tablet inherit_phone\"  data-padding-pos=\"top\" data-has-bg-color=\"false\" data-bg-color=\"\" data-bg-opacity=\"1\" data-animation=\"\" data-delay=\"0\" >\n\t\t<div class=\"vc_column-inner\" >\n\t\t\t<div class=\"wpb_wrapper\">\n\t\t\t\t\r\n<div class=\"wpb_text_column wpb_content_element\" >\r\n\t<div class=\"wpb_wrapper\">\r\n\t\t<h3>Ano Letivo 2025-2026<\/h3>\n\t<\/div>\r\n<\/div>\r\n\r\n\r\n\r\n\n\t\t\t<\/div> \n\t\t<\/div>\n\t<\/div> \n\n\t<div  class=\"vc_col-sm-4 wpb_column column_container vc_column_container col no-extra-padding inherit_tablet inherit_phone\"  data-padding-pos=\"all\" data-has-bg-color=\"false\" data-bg-color=\"\" data-bg-opacity=\"1\" data-animation=\"\" data-delay=\"0\" >\n\t\t<div class=\"vc_column-inner\" >\n\t\t\t<div class=\"wpb_wrapper\">\n\t\t\t\t\n\t\t\t<\/div> \n\t\t<\/div>\n\t<\/div> \n<\/div><\/div>\r\n\t\t<div id=\"fws_69e77e968e6fb\"  data-column-margin=\"default\" data-midnight=\"dark\"  class=\"wpb_row vc_row-fluid vc_row\"  style=\"padding-top: 0px; padding-bottom: 0px; \"><div class=\"row-bg-wrap\" data-bg-animation=\"none\" data-bg-overlay=\"false\"><div class=\"inner-wrap\"><div class=\"row-bg viewport-desktop\"  style=\"\"><\/div><\/div><\/div><div class=\"row_col_wrap_12 col span_12 dark left\">\n\t<div  class=\"vc_col-sm-8 wpb_column column_container vc_column_container col no-extra-padding inherit_tablet inherit_phone\"  data-padding-pos=\"all\" data-has-bg-color=\"false\" data-bg-color=\"\" data-bg-opacity=\"1\" data-animation=\"\" data-delay=\"0\" >\n\t\t<div class=\"vc_column-inner\" >\n\t\t\t<div class=\"wpb_wrapper\">\n\t\t\t\t\r\n<div class=\"wpb_text_column wpb_content_element\" >\r\n\t<div class=\"wpb_wrapper\">\r\n\t\t<h3>1.\u00ba Semestre<\/h3>\n\t<\/div>\r\n<\/div>\r\n\r\n\r\n\r\n\r\n<div class=\"wpb_text_column wpb_content_element\" >\r\n\t<div class=\"wpb_wrapper\">\r\n\t\t<table width=\"100%\">\n<tbody>\n<tr>\n<td width=\"26%\">04\/09\/2025<\/td>\n<td width=\"73%\">Abertura das atividades para a Educa\u00e7\u00e3o Pr\u00e9-Escolar, 1.\u00ba e 2.\u00ba ciclos<\/td>\n<\/tr>\n<tr>\n<td width=\"26%\">10\/09\/2025<\/td>\n<td width=\"73%\">In\u00edcio do 1.\u00ba semestre (Educa\u00e7\u00e3o Pr\u00e9-Escolar e 1.\u00ba ciclo)<\/td>\n<\/tr>\n<tr>\n<td width=\"26%\">11\/09\/2025<\/td>\n<td width=\"73%\">In\u00edcio do 1.\u00ba semestre (2.\u00ba e 3.\u00ba ciclos)<\/td>\n<\/tr>\n<tr>\n<td width=\"26%\">13\/09\/2025<\/td>\n<td width=\"73%\">Mega Piquenique (Educa\u00e7\u00e3o Pr\u00e9-Escolar e 1.\u00ba ciclo)<\/td>\n<\/tr>\n<tr>\n<td width=\"26%\">19\/09\/2025<\/td>\n<td width=\"73%\">Cicloturismo (2.\u00ba e 3.\u00ba ciclos)<\/td>\n<\/tr>\n<tr>\n<td width=\"26%\">13\/11\/2025 e 14\/11\/2025<\/td>\n<td width=\"73%\">Interrup\u00e7\u00e3o letiva \u2013 Avalia\u00e7\u00f5es intercalares do 1.\u00ba semestre<\/td>\n<\/tr>\n<tr>\n<td width=\"26%\">17\/11\/2025<\/td>\n<td width=\"73%\">Publica\u00e7\u00e3o das avalia\u00e7\u00f5es intercalares do 1.\u00ba semestre<\/td>\n<\/tr>\n<tr>\n<td width=\"26%\">01\/12\/2025<\/td>\n<td width=\"73%\">Feriado \u2013 Restaura\u00e7\u00e3o da Independ\u00eancia<\/td>\n<\/tr>\n<tr>\n<td width=\"26%\">08\/12\/2025<\/td>\n<td width=\"73%\">Feriado \u2013 Imaculada Concei\u00e7\u00e3o<\/td>\n<\/tr>\n<tr>\n<td width=\"26%\">14\/12\/2025<\/td>\n<td width=\"73%\">Festa de Natal<\/td>\n<\/tr>\n<tr>\n<td width=\"26%\">22\/12\/2025 a 02\/01\/2026<\/td>\n<td width=\"73%\">Interrup\u00e7\u00e3o letiva \u2013 Natal<\/td>\n<\/tr>\n<tr>\n<td width=\"26%\">23\/01\/2026<\/td>\n<td width=\"73%\">Final do 1.\u00ba semestre<\/td>\n<\/tr>\n<tr>\n<td width=\"26%\">26\/01\/2026 a 30\/01\/2026<\/td>\n<td width=\"73%\">Interrup\u00e7\u00e3o letiva \u2013 Avalia\u00e7\u00f5es do 1.\u00ba semestre<\/td>\n<\/tr>\n<tr>\n<td width=\"26%\">30\/01\/2026<\/td>\n<td width=\"73%\">Publica\u00e7\u00e3o e afixa\u00e7\u00e3o das avalia\u00e7\u00f5es do 1.\u00ba semestre<\/td>\n<\/tr>\n<\/tbody>\n<\/table>\n\n\t<\/div>\r\n<\/div>\r\n\r\n\r\n\r\n<div class=\"divider-wrap\" data-alignment=\"default\"><div style=\"height: 75px;\" class=\"divider\"><\/div><\/div>\r\n<div class=\"wpb_text_column wpb_content_element\" >\r\n\t<div class=\"wpb_wrapper\">\r\n\t\t<h3>2.\u00ba Semestre<\/h3>\n\t<\/div>\r\n<\/div>\r\n\r\n\r\n\r\n\r\n<div class=\"wpb_text_column wpb_content_element\" >\r\n\t<div class=\"wpb_wrapper\">\r\n\t\t<table>\n<tbody>\n<tr>\n<td width=\"170\">02\/02\/2026<\/td>\n<td width=\"480\">In\u00edcio do 2.\u00ba semestre<\/td>\n<\/tr>\n<tr>\n<td width=\"170\">13\/02\/2026<\/td>\n<td width=\"480\">Festa de Carnaval<\/td>\n<\/tr>\n<tr>\n<td width=\"170\">16\/02\/2026 a 18\/02\/2026<\/td>\n<td width=\"480\">Interrup\u00e7\u00e3o letiva \u2013 Carnaval<\/td>\n<\/tr>\n<tr>\n<td width=\"170\">19\/02\/2026 a 21\/02\/2026<\/td>\n<td width=\"480\">Peregrina\u00e7\u00e3o a F\u00e1tima (2.\u00ba e 3.\u00ba ciclos)<\/td>\n<\/tr>\n<tr>\n<td width=\"170\">19\/03\/2026<\/td>\n<td width=\"480\">Dia do Pai (Educa\u00e7\u00e3o Pr\u00e9-Escolar e 1.\u00ba ciclo)<\/td>\n<\/tr>\n<tr>\n<td width=\"170\">01\/04\/2026 a 10\/04\/2026<\/td>\n<td width=\"480\">Interrup\u00e7\u00e3o letiva \u2013 Avalia\u00e7\u00f5es intercalares do 2.\u00ba semestre e P\u00e1scoa<\/td>\n<\/tr>\n<tr>\n<td width=\"170\">13\/04\/2026<\/td>\n<td width=\"480\">Publica\u00e7\u00e3o das avalia\u00e7\u00f5es intercalares do 2.\u00ba semestre<\/td>\n<\/tr>\n<tr>\n<td width=\"170\">01\/05\/2026<\/td>\n<td width=\"480\">Feriado \u2013 Dia do Trabalhador<\/td>\n<\/tr>\n<tr>\n<td width=\"170\">04\/05\/2026<\/td>\n<td width=\"480\">Dia da M\u00e3e (Educa\u00e7\u00e3o Pr\u00e9-Escolar e 1.\u00ba ciclo)<\/td>\n<\/tr>\n<tr>\n<td width=\"170\">01\/06\/2026<\/td>\n<td width=\"480\">Dia da Crian\u00e7a e Dia do Nariz Vermelho<\/td>\n<\/tr>\n<tr>\n<td width=\"170\">04\/06\/2026<\/td>\n<td width=\"480\">Feriado \u2013 Corpo de Deus<\/td>\n<\/tr>\n<tr>\n<td width=\"170\">05\/06\/2026<\/td>\n<td width=\"480\">Final do ano letivo para o 9.\u00ba ano<\/td>\n<\/tr>\n<tr>\n<td width=\"170\">(datas a indicar)<\/td>\n<td width=\"480\">Aulas facultativas de refor\u00e7o para as provas finais do Ensino B\u00e1sico \u2013 9.\u00ba ano<\/td>\n<\/tr>\n<tr>\n<td width=\"170\">10\/06\/2026<\/td>\n<td width=\"480\">Feriado \u2013 Dia de Portugal<\/td>\n<\/tr>\n<tr>\n<td width=\"170\">(data a indicar)<\/td>\n<td width=\"480\">Publica\u00e7\u00e3o e afixa\u00e7\u00e3o da avalia\u00e7\u00e3o sumativa interna (9.\u00ba ano)<\/td>\n<\/tr>\n<tr>\n<td width=\"170\">12\/06\/2026<\/td>\n<td width=\"480\">Final do ano letivo para o 5.\u00ba, 6.\u00ba, 7.\u00ba e 8.\u00ba anos<\/td>\n<\/tr>\n<tr>\n<td width=\"170\">19\/06\/2026<\/td>\n<td width=\"480\">Arraial \u2013 Festa final de ano<\/td>\n<\/tr>\n<tr>\n<td width=\"170\">25\/06\/2026<\/td>\n<td width=\"480\">Publica\u00e7\u00e3o e afixa\u00e7\u00e3o das avalia\u00e7\u00f5es finais (5.\u00ba, 6.\u00ba, 7.\u00ba e 8.\u00ba anos)<\/td>\n<\/tr>\n<tr>\n<td width=\"170\">30\/06\/2026<\/td>\n<td width=\"480\">Final do ano letivo para a Educa\u00e7\u00e3o Pr\u00e9-Escolar e 1.\u00ba ciclo<\/td>\n<\/tr>\n<tr>\n<td width=\"170\">06\/07\/2026<\/td>\n<td width=\"480\">Publica\u00e7\u00e3o das avalia\u00e7\u00f5es finais (Educa\u00e7\u00e3o Pr\u00e9-Escolar e 1.\u00ba ciclo)<\/td>\n<\/tr>\n<tr>\n<td width=\"170\">06\/07\/2026 a 31\/07\/2026<\/td>\n<td width=\"480\">Tempos Livres (Educa\u00e7\u00e3o Pr\u00e9-Escolar, 1.\u00ba e 2.\u00ba ciclos)<\/td>\n<\/tr>\n<tr>\n<td width=\"170\">(datas a indicar)<\/td>\n<td width=\"480\">Provas ModA \u2013 4.\u00ba ano (Portugu\u00eas, PLNM, Matem\u00e1tica e Estudo do Meio e Educa\u00e7\u00e3o Art\u00edstica)<\/td>\n<\/tr>\n<tr>\n<td width=\"170\">(datas a indicar)<\/td>\n<td width=\"480\">Provas ModA \u2013 6.\u00ba ano (Portugu\u00eas, PLNM, Matem\u00e1tica e Ci\u00eancias Naturais e Ingl\u00eas)<\/td>\n<\/tr>\n<tr>\n<td width=\"170\">(datas a indicar)<\/td>\n<td width=\"480\">Provas finais do Ensino B\u00e1sico \u2013 9.\u00ba ano (Portugu\u00eas, PLNM e Matem\u00e1tica)<\/td>\n<\/tr>\n<\/tbody>\n<\/table>\n<p>&nbsp;<\/p>\n\n\t<\/div>\r\n<\/div>\r\n\r\n\r\n\r\n<div class=\"divider-wrap\" data-alignment=\"default\"><div style=\"height: 75px;\" class=\"divider\"><\/div><\/div><div class=\"divider-wrap\" data-alignment=\"default\"><div style=\"height: 75px;\" class=\"divider\"><\/div><\/div><a class=\"nectar-button large regular accent-color has-icon  regular-button\"  style=\"\" target=\"_blank\" href=\"https:\/\/sigea.pt\/wp-content\/uploads\/2025\/07\/2025-07-17-Calendario-Escolar-2025-2026.pdf\" data-color-override=\"false\" data-hover-color-override=\"false\" data-hover-text-color-override=\"#fff\"><span>Calend\u00e1rio Escolar (atualizado)<\/span><i  class=\"fa fa-file-pdf-o\"><\/i><\/a>\n\t\t\t<\/div> \n\t\t<\/div>\n\t<\/div> \n\n\t<div  class=\"vc_col-sm-4 wpb_column column_container vc_column_container col no-extra-padding inherit_tablet inherit_phone\"  data-padding-pos=\"all\" data-has-bg-color=\"false\" data-bg-color=\"\" data-bg-opacity=\"1\" data-animation=\"\" data-delay=\"0\" >\n\t\t<div class=\"vc_column-inner\" >\n\t\t\t<div class=\"wpb_wrapper\">\n\t\t\t\t\n\t\t\t<\/div> \n\t\t<\/div>\n\t<\/div> \n<\/div><\/div>\r\n\t\t<div id=\"fws_69e77e9690129\"  data-column-margin=\"default\" data-midnight=\"dark\" data-top-percent=\"2%\" data-bottom-percent=\"2%\"  class=\"wpb_row vc_row-fluid vc_row calltoaction\"  style=\"padding-top: calc(100vw * 0.02); padding-bottom: calc(100vw * 0.02); \"><div class=\"row-bg-wrap\" data-bg-animation=\"none\" data-bg-overlay=\"false\"><div class=\"inner-wrap\"><div class=\"row-bg viewport-desktop\"  style=\"\"><\/div><\/div><\/div><div class=\"row_col_wrap_12 col span_12 dark center\">\n\t<div  class=\"vc_col-sm-12 wpb_column column_container vc_column_container col no-extra-padding inherit_tablet inherit_phone\"  data-padding-pos=\"all\" data-has-bg-color=\"false\" data-bg-color=\"\" data-bg-opacity=\"1\" data-animation=\"\" data-delay=\"0\" >\n\t\t<div class=\"vc_column-inner\" >\n\t\t\t<div class=\"wpb_wrapper\">\n\t\t\t\t\r\n<div class=\"wpb_text_column wpb_content_element\" >\r\n\t<div class=\"wpb_wrapper\">\r\n\t\t<h2>We are ready to answer your questions<\/h2>\n\t<\/div>\r\n<\/div>\r\n\r\n\r\n\r\n<div class=\"divider-wrap\" data-alignment=\"default\"><div style=\"height: 50px;\" class=\"divider\"><\/div><\/div><div class=\"nectar-cta  alignment_tablet_default alignment_phone_default display_tablet_inherit display_phone_inherit\" data-color=\"default\" data-using-bg=\"false\" data-display=\"block\" data-style=\"underline\" data-alignment=\"center\" data-text-color=\"custom\" ><h5 style=\"color: #333333;\"> <span class=\"text\"> <\/span><span class=\"link_wrap\" ><a  class=\"link_text\" style=\"border-color: #333333;\" href=\"\/en\/contactos\/\">Contact Us<\/a><\/span><\/h5><\/div>\n\t\t\t<\/div> \n\t\t<\/div>\n\t<\/div> \n<\/div><\/div>","protected":false},"excerpt":{"rendered":"Calend\u00e1rio Escolar Ano Letivo 2025-2026 1.\u00ba Semestre 04\/09\/2025 Abertura das atividades para a Educa\u00e7\u00e3o Pr\u00e9-Escolar, 1.\u00ba e 2.\u00ba ciclos 10\/09\/2025 In\u00edcio do 1.\u00ba semestre (Educa\u00e7\u00e3o Pr\u00e9-Escolar e 1.\u00ba ciclo) 11\/09\/2025...","protected":false},"author":1,"featured_media":0,"parent":0,"menu_order":0,"comment_status":"closed","ping_status":"closed","template":"","meta":{"_acf_changed":false,"advgb_blocks_editor_width":"","advgb_blocks_columns_visual_guide":"","_joinchat":[],"footnotes":"","_links_to":"","_links_to_target":""},"class_list":["post-92","page","type-page","status-publish"],"acf":[],"yoast_head":"<!-- This site is optimized with the Yoast SEO plugin v26.2 - https:\/\/yoast.com\/wordpress\/plugins\/seo\/ -->\n<title>Col\u00e9gio SIGEA - Calend\u00e1rio Escolar<\/title>\n<meta name=\"description\" content=\"Somos uma Fam\u00edlia h\u00e1 muito dedicada ao Ensino, que soube rodear-se de uma equipa competente e voluntariosa, cuja atua\u00e7\u00e3o di\u00e1ria est\u00e1 em linha com os valores defendidos pelo Col\u00e9gio.\" \/>\n<meta name=\"robots\" content=\"index, follow, max-snippet:-1, max-image-preview:large, max-video-preview:-1\" \/>\n<link rel=\"canonical\" href=\"https:\/\/sigea.pt\/en\/calendario-escolar\/\" \/>\n<meta property=\"og:locale\" content=\"en_GB\" \/>\n<meta property=\"og:type\" content=\"article\" \/>\n<meta property=\"og:title\" content=\"Col\u00e9gio SIGEA - Calend\u00e1rio Escolar\" \/>\n<meta property=\"og:description\" content=\"Somos uma Fam\u00edlia h\u00e1 muito dedicada ao Ensino, que soube rodear-se de uma equipa competente e voluntariosa, cuja atua\u00e7\u00e3o di\u00e1ria est\u00e1 em linha com os valores defendidos pelo Col\u00e9gio.\" \/>\n<meta property=\"og:url\" content=\"https:\/\/sigea.pt\/en\/calendario-escolar\/\" \/>\n<meta property=\"og:site_name\" content=\"Col\u00e9gio SIGEA\" \/>\n<meta property=\"article:publisher\" content=\"https:\/\/www.facebook.com\/clsigea\" \/>\n<meta property=\"article:modified_time\" content=\"2026-01-19T09:50:44+00:00\" \/>\n<meta name=\"twitter:card\" content=\"summary_large_image\" \/>\n<meta name=\"twitter:label1\" content=\"Estimated reading time\" \/>\n\t<meta name=\"twitter:data1\" content=\"2 minutes\" \/>\n<script type=\"application\/ld+json\" class=\"yoast-schema-graph\">{\"@context\":\"https:\/\/schema.org\",\"@graph\":[{\"@type\":\"WebPage\",\"@id\":\"https:\/\/sigea.pt\/calendario-escolar\/\",\"url\":\"https:\/\/sigea.pt\/calendario-escolar\/\",\"name\":\"Col\u00e9gio SIGEA - Calend\u00e1rio Escolar\",\"isPartOf\":{\"@id\":\"https:\/\/sigea.pt\/#website\"},\"datePublished\":\"2020-03-31T09:50:35+00:00\",\"dateModified\":\"2026-01-19T09:50:44+00:00\",\"description\":\"Somos uma Fam\u00edlia h\u00e1 muito dedicada ao Ensino, que soube rodear-se de uma equipa competente e voluntariosa, cuja atua\u00e7\u00e3o di\u00e1ria est\u00e1 em linha com os valores defendidos pelo Col\u00e9gio.\",\"breadcrumb\":{\"@id\":\"https:\/\/sigea.pt\/calendario-escolar\/#breadcrumb\"},\"inLanguage\":\"en-GB\",\"potentialAction\":[{\"@type\":\"ReadAction\",\"target\":[\"https:\/\/sigea.pt\/calendario-escolar\/\"]}]},{\"@type\":\"BreadcrumbList\",\"@id\":\"https:\/\/sigea.pt\/calendario-escolar\/#breadcrumb\",\"itemListElement\":[{\"@type\":\"ListItem\",\"position\":1,\"name\":\"In\u00edcio\",\"item\":\"https:\/\/sigea.pt\/\"},{\"@type\":\"ListItem\",\"position\":2,\"name\":\"Calend\u00e1rio Escolar\"}]},{\"@type\":\"WebSite\",\"@id\":\"https:\/\/sigea.pt\/#website\",\"url\":\"https:\/\/sigea.pt\/\",\"name\":\"Col\u00e9gio SIGEA\",\"description\":\"Educar o Futuro\",\"publisher\":{\"@id\":\"https:\/\/sigea.pt\/#organization\"},\"potentialAction\":[{\"@type\":\"SearchAction\",\"target\":{\"@type\":\"EntryPoint\",\"urlTemplate\":\"https:\/\/sigea.pt\/?s={search_term_string}\"},\"query-input\":{\"@type\":\"PropertyValueSpecification\",\"valueRequired\":true,\"valueName\":\"search_term_string\"}}],\"inLanguage\":\"en-GB\"},{\"@type\":\"Organization\",\"@id\":\"https:\/\/sigea.pt\/#organization\",\"name\":\"Col\u00e9gio Sigea\",\"url\":\"https:\/\/sigea.pt\/\",\"logo\":{\"@type\":\"ImageObject\",\"inLanguage\":\"en-GB\",\"@id\":\"https:\/\/sigea.pt\/#\/schema\/logo\/image\/\",\"url\":\"https:\/\/sigea.pt\/wp-content\/uploads\/2019\/04\/logo-blue.png\",\"contentUrl\":\"https:\/\/sigea.pt\/wp-content\/uploads\/2019\/04\/logo-blue.png\",\"width\":150,\"height\":150,\"caption\":\"Col\u00e9gio Sigea\"},\"image\":{\"@id\":\"https:\/\/sigea.pt\/#\/schema\/logo\/image\/\"},\"sameAs\":[\"https:\/\/www.facebook.com\/clsigea\"]}]}<\/script>\n<!-- \/ Yoast SEO plugin. -->","yoast_head_json":{"title":"Col\u00e9gio SIGEA - Calend\u00e1rio Escolar","description":"We are a family that has been committed to teaching for a long time and therefore were able to choose a very competent and dedicated school staff, whose daily action is always according to the school values.","robots":{"index":"index","follow":"follow","max-snippet":"max-snippet:-1","max-image-preview":"max-image-preview:large","max-video-preview":"max-video-preview:-1"},"canonical":"https:\/\/sigea.pt\/en\/calendario-escolar\/","og_locale":"en_GB","og_type":"article","og_title":"Col\u00e9gio SIGEA - Calend\u00e1rio Escolar","og_description":"Somos uma Fam\u00edlia h\u00e1 muito dedicada ao Ensino, que soube rodear-se de uma equipa competente e voluntariosa, cuja atua\u00e7\u00e3o di\u00e1ria est\u00e1 em linha com os valores defendidos pelo Col\u00e9gio.","og_url":"https:\/\/sigea.pt\/en\/calendario-escolar\/","og_site_name":"Col\u00e9gio SIGEA","article_publisher":"https:\/\/www.facebook.com\/clsigea","article_modified_time":"2026-01-19T09:50:44+00:00","twitter_card":"summary_large_image","twitter_misc":{"Estimated reading time":"2 minutes"},"schema":{"@context":"https:\/\/schema.org","@graph":[{"@type":"WebPage","@id":"https:\/\/sigea.pt\/calendario-escolar\/","url":"https:\/\/sigea.pt\/calendario-escolar\/","name":"Col\u00e9gio SIGEA - Calend\u00e1rio Escolar","isPartOf":{"@id":"https:\/\/sigea.pt\/#website"},"datePublished":"2020-03-31T09:50:35+00:00","dateModified":"2026-01-19T09:50:44+00:00","description":"We are a family that has been committed to teaching for a long time and therefore were able to choose a very competent and dedicated school staff, whose daily action is always according to the school values.","breadcrumb":{"@id":"https:\/\/sigea.pt\/calendario-escolar\/#breadcrumb"},"inLanguage":"en-GB","potentialAction":[{"@type":"ReadAction","target":["https:\/\/sigea.pt\/calendario-escolar\/"]}]},{"@type":"BreadcrumbList","@id":"https:\/\/sigea.pt\/calendario-escolar\/#breadcrumb","itemListElement":[{"@type":"ListItem","position":1,"name":"In\u00edcio","item":"https:\/\/sigea.pt\/"},{"@type":"ListItem","position":2,"name":"Calend\u00e1rio Escolar"}]},{"@type":"WebSite","@id":"https:\/\/sigea.pt\/#website","url":"https:\/\/sigea.pt\/","name":"Our School","description":"Educating the Future","publisher":{"@id":"https:\/\/sigea.pt\/#organization"},"potentialAction":[{"@type":"SearchAction","target":{"@type":"EntryPoint","urlTemplate":"https:\/\/sigea.pt\/?s={search_term_string}"},"query-input":{"@type":"PropertyValueSpecification","valueRequired":true,"valueName":"search_term_string"}}],"inLanguage":"en-GB"},{"@type":"Organization","@id":"https:\/\/sigea.pt\/#organization","name":"Col\u00e9gio Sigea","url":"https:\/\/sigea.pt\/","logo":{"@type":"ImageObject","inLanguage":"en-GB","@id":"https:\/\/sigea.pt\/#\/schema\/logo\/image\/","url":"https:\/\/sigea.pt\/wp-content\/uploads\/2019\/04\/logo-blue.png","contentUrl":"https:\/\/sigea.pt\/wp-content\/uploads\/2019\/04\/logo-blue.png","width":150,"height":150,"caption":"Col\u00e9gio Sigea"},"image":{"@id":"https:\/\/sigea.pt\/#\/schema\/logo\/image\/"},"sameAs":["https:\/\/www.facebook.com\/clsigea"]}]}},"coauthors":[],"author_meta":{"author_link":"https:\/\/sigea.pt\/en\/author\/bastudio\/","display_name":"bastudio"},"relative_dates":{"created":"Posted 6 years ago","modified":"Updated 3 months ago"},"absolute_dates":{"created":"Posted on 31\/03\/2020","modified":"Updated on 19\/01\/2026"},"absolute_dates_time":{"created":"Posted on 31\/03\/2020 9:50","modified":"Updated on 19\/01\/2026 9:50"},"featured_img_caption":"","featured_img":false,"series_order":"","_links":{"self":[{"href":"https:\/\/sigea.pt\/en\/wp-json\/wp\/v2\/pages\/92","targetHints":{"allow":["GET"]}}],"collection":[{"href":"https:\/\/sigea.pt\/en\/wp-json\/wp\/v2\/pages"}],"about":[{"href":"https:\/\/sigea.pt\/en\/wp-json\/wp\/v2\/types\/page"}],"author":[{"embeddable":true,"href":"https:\/\/sigea.pt\/en\/wp-json\/wp\/v2\/users\/1"}],"replies":[{"embeddable":true,"href":"https:\/\/sigea.pt\/en\/wp-json\/wp\/v2\/comments?post=92"}],"version-history":[{"count":8,"href":"https:\/\/sigea.pt\/en\/wp-json\/wp\/v2\/pages\/92\/revisions"}],"predecessor-version":[{"id":8584,"href":"https:\/\/sigea.pt\/en\/wp-json\/wp\/v2\/pages\/92\/revisions\/8584"}],"wp:attachment":[{"href":"https:\/\/sigea.pt\/en\/wp-json\/wp\/v2\/media?parent=92"}],"curies":[{"name":"wp","href":"https:\/\/api.w.org\/{rel}","templated":true}]}}