{"id":4208,"date":"2021-12-09T15:52:50","date_gmt":"2021-12-09T15:52:50","guid":{"rendered":"https:\/\/sigea.pt\/?page_id=4208"},"modified":"2021-12-09T15:55:52","modified_gmt":"2021-12-09T15:55:52","slug":"teste-pagina","status":"publish","type":"page","link":"https:\/\/sigea.pt\/en\/teste-pagina\/","title":{"rendered":"Teste P\u00e1gina"},"content":{"rendered":"<div id=\"fws_69e154d582328\"  data-column-margin=\"default\" data-midnight=\"light\" data-top-percent=\"25%\" data-bottom-percent=\"5%\"  class=\"wpb_row vc_row-fluid vc_row full-width-section\"  style=\"padding-top: calc(100vw * 0.25); padding-bottom: calc(100vw * 0.05); \"><div class=\"row-bg-wrap\" data-bg-animation=\"none\" data-bg-overlay=\"true\"><div class=\"inner-wrap using-image\"><div class=\"row-bg viewport-desktop using-image\"  style=\"background-image: url(https:\/\/sigea.pt\/wp-content\/uploads\/2021\/11\/20211109_113951.jpg); background-position: center center; background-repeat: no-repeat; \"><\/div><\/div><div class=\"row-bg-overlay\" style=\"background-color:#020202;  opacity: 0.3; \"><\/div><\/div><div class=\"row_col_wrap_12 col span_12 light left\">\n\t<div  class=\"vc_col-sm-12 wpb_column column_container vc_column_container col no-extra-padding\"  data-padding-pos=\"all\" data-has-bg-color=\"false\" data-bg-color=\"\" data-bg-opacity=\"1\" data-animation=\"\" data-delay=\"0\" >\n\t\t<div class=\"vc_column-inner\" >\n\t\t\t<div class=\"wpb_wrapper\">\n\t\t\t\t\r\n<div class=\"wpb_text_column wpb_content_element\" >\r\n\t<div class=\"wpb_wrapper\">\r\n\t\t<h1>Teste P\u00e1gina<\/h1>\n\t<\/div>\r\n<\/div>\r\n\r\n\r\n\r\n\n\t\t\t<\/div> \n\t\t<\/div>\n\t<\/div> \n<\/div><\/div>\r\n\t\t<div id=\"fws_69e154d582b7b\"  data-column-margin=\"default\" data-midnight=\"dark\"  class=\"wpb_row vc_row-fluid vc_row\"  style=\"padding-top: 0px; padding-bottom: 0px; \"><div class=\"row-bg-wrap\" data-bg-animation=\"none\" data-bg-overlay=\"false\"><div class=\"inner-wrap\"><div class=\"row-bg viewport-desktop\"  style=\"\"><\/div><\/div><\/div><div class=\"row_col_wrap_12 col span_12 dark left\">\n\t<div style=\"margin-bottom: -15px; \" class=\"vc_col-sm-8 wpb_column column_container vc_column_container col padding-5-percent\"  data-padding-pos=\"top\" data-has-bg-color=\"false\" data-bg-color=\"\" data-bg-opacity=\"1\" data-animation=\"\" data-delay=\"0\" >\n\t\t<div class=\"vc_column-inner\" >\n\t\t\t<div class=\"wpb_wrapper\">\n\t\t\t\t\r\n<div class=\"wpb_text_column wpb_content_element\" >\r\n\t<div class=\"wpb_wrapper\">\r\n\t\t<h3>The SIGEA Board is an heir to the School\u2019s founders that gives continuity to the work they initiated. It bets on a permanent update when it comes to education and it maintains a close relationship with the students and the entire educational team.<\/h3>\n\t<\/div>\r\n<\/div>\r\n\r\n\r\n\r\n<a class=\"nectar-button large regular accent-color  regular-button\"  style=\"margin-right: 15px; \"  href=\"\/en\/contactos\/\" data-color-override=\"false\" data-hover-color-override=\"false\" data-hover-text-color-override=\"#fff\"><span>Texto do Bot\u00e3o (normal)<\/span><\/a><a class=\"nectar-button large see-through accent-color\"  style=\"margin-right: 30px; \"  href=\"\/en\/contactos\/\" data-color-override=\"false\" data-hover-color-override=\"false\" data-hover-text-color-override=\"#fff\"><span>Texto do Bot\u00e3o (2)<\/span><\/a><a class=\"nectar-button large see-through-2\"  style=\"\"  href=\"\/en\/contactos\/\" data-color-override=\"false\" data-hover-color-override=\"false\" data-hover-text-color-override=\"#ffffff\"><span>Texto do Bot\u00e3o (3)<\/span><\/a>\n\t\t\t<\/div> \n\t\t<\/div>\n\t<\/div> \n\n\t<div  class=\"vc_col-sm-4 wpb_column column_container vc_column_container col no-extra-padding\"  data-padding-pos=\"all\" data-has-bg-color=\"false\" data-bg-color=\"\" data-bg-opacity=\"1\" data-animation=\"\" data-delay=\"0\" >\n\t\t<div class=\"vc_column-inner\" >\n\t\t\t<div class=\"wpb_wrapper\">\n\t\t\t\t\n\t\t\t<\/div> \n\t\t<\/div>\n\t<\/div> \n<\/div><\/div>\r\n\t\t<div id=\"fws_69e154d583189\"  data-column-margin=\"default\" data-midnight=\"dark\" data-top-percent=\"1%\"  class=\"wpb_row vc_row-fluid vc_row\"  style=\"padding-top: calc(100vw * 0.01); padding-bottom: 0px; \"><div class=\"row-bg-wrap\" data-bg-animation=\"none\" data-bg-overlay=\"false\"><div class=\"inner-wrap\"><div class=\"row-bg viewport-desktop\"  style=\"\"><\/div><\/div><\/div><div class=\"row_col_wrap_12 col span_12 dark left\">\n\t<div  class=\"vc_col-sm-3 wpb_column column_container vc_column_container col no-extra-padding\"  data-padding-pos=\"all\" data-has-bg-color=\"false\" data-bg-color=\"\" data-bg-opacity=\"1\" data-animation=\"\" data-delay=\"0\" >\n\t\t<div class=\"vc_column-inner\" >\n\t\t\t<div class=\"wpb_wrapper\">\n\t\t\t\t<div class=\"team-member\" data-style=\"bio_fullscreen\"><div class=\"team-member-image\"><div class=\"team-member-image-inner\"><img fetchpriority=\"high\" decoding=\"async\" src=\"https:\/\/sigea.pt\/wp-content\/uploads\/2019\/07\/Isabel-Beja-500x500.jpg\" width=\"500\" height=\"500\" alt=\"\" \/><\/div><\/div><div class=\"team-member-overlay\"><\/div>    <div class=\"team-meta\"><h3>Ana Isabel Beja<\/h3><p>Dire\u00e7\u00e3o Pedag\u00f3gica<\/p><div class=\"arrow-end fa fa-angle-right\"><\/div><div class=\"arrow-line\"><\/div><\/div>    <div class=\"nectar_team_bio_img\" data-img-src=\"https:\/\/sigea.pt\/wp-content\/uploads\/2019\/07\/Isabel-Beja.jpg\"><\/div>    <div class=\"nectar_team_bio\">Educadora de Inf\u00e2ncia h\u00e1 mais de tr\u00eas d\u00e9cadas, Ana Isabel Sim\u00f5es Beja come\u00e7ou por realizar o Curso de Educadoras de Inf\u00e2ncia na Escola Superior de Educadores de Inf\u00e2ncia Maria Ulrich, em Lisboa, e a Licenciatura em Educa\u00e7\u00e3o de Inf\u00e2ncia na Escola Superior de Educa\u00e7\u00e3o Jo\u00e3o de Deus. Posteriormente, obteve ainda uma Licenciatura em Psicologia no Instituto Superior de Psicologia Aplicada. Al\u00e9m do trabalho di\u00e1rio com as crian\u00e7as mais novas do Col\u00e9gio, desempenha fun\u00e7\u00f5es de Dire\u00e7\u00e3o Pedag\u00f3gica do Pr\u00e9-Escolar e 1.\u00ba ciclo, fazendo-o com enorme dedica\u00e7\u00e3o e revelando forte capacidade de planeamento e esp\u00edrito de equipa.<br \/>\nConhecida por todos como \u201cBabey\u201d, s\u00f3 se sente plenamente realizada quando est\u00e1 na sua sala de aula com os seus alunos \u2013 seja a ler-lhes uma hist\u00f3ria, a ensinar-lhes jogos matem\u00e1ticos, a pintar com eles ou, simplesmente, a dar-lhes mimos e carinhos, como tantas vezes acontece. Com a sua voz, encanta os seus pequenos e f\u00e1-los descobrir algo novo todos os dias.<br \/>\nFrontal e conversadora, adora viajar em fam\u00edlia e, sobretudo, conhecer diferentes pa\u00edses e culturas, retirando dessas experi\u00eancias de viagem sempre novos ensinamentos.<br \/>\nO Sigea \u00e9 verdadeiramente a sua casa, onde nasceu e cresceu \u2013 e onde agora, como h\u00e1 mais de 30 anos, faz crescer as suas crian\u00e7as, ou seja, trabalha verdadeiramente para Educar o Futuro.<div class=\"bottom_meta\"><\/div><\/div>    <\/div>\r\n<div class=\"wpb_text_column wpb_content_element\" >\r\n\t<div class=\"wpb_wrapper\">\r\n\t\t<p>Ana Isabel Sim\u00f5es Beja<br \/>\n<em class=\"disciplina\">Dire\u00e7\u00e3o Pedag\u00f3gica<\/em><\/p>\n\t<\/div>\r\n<\/div>\r\n\r\n\r\n\r\n\n\t\t\t<\/div> \n\t\t<\/div>\n\t<\/div> \n\n\t<div  class=\"vc_col-sm-3 wpb_column column_container vc_column_container col no-extra-padding\"  data-padding-pos=\"all\" data-has-bg-color=\"false\" data-bg-color=\"\" data-bg-opacity=\"1\" data-animation=\"\" data-delay=\"0\" >\n\t\t<div class=\"vc_column-inner\" >\n\t\t\t<div class=\"wpb_wrapper\">\n\t\t\t\t<div class=\"team-member\" data-style=\"bio_fullscreen\"><div class=\"team-member-image\"><div class=\"team-member-image-inner\"><img decoding=\"async\" src=\"https:\/\/sigea.pt\/wp-content\/uploads\/2019\/07\/Maria-Luisa-Bolota-500x500.jpg\" width=\"500\" height=\"500\" alt=\"\" \/><\/div><\/div><div class=\"team-member-overlay\"><\/div>    <div class=\"team-meta\"><h3>Maria Lu\u00edsa Bolota<\/h3><p>Dire\u00e7\u00e3o Pedag\u00f3gica<\/p><div class=\"arrow-end fa fa-angle-right\"><\/div><div class=\"arrow-line\"><\/div><\/div>    <div class=\"nectar_team_bio_img\" data-img-src=\"https:\/\/sigea.pt\/wp-content\/uploads\/2019\/07\/Maria-Luisa-Bolota.jpg\"><\/div>    <div class=\"nectar_team_bio\">Maria Lu\u00edsa Sim\u00f5es Bolota \u00e9 licenciada em Economia pela Universidade Cat\u00f3lica de Lisboa, tendo posteriormente obtido duas profissionaliza\u00e7\u00f5es em Matem\u00e1tica nos v\u00e1rios ciclos de ensino atrav\u00e9s da frequ\u00eancia de diversos cursos. Interessada pela Matem\u00e1tica, concluiu o Mestrado em Ensino da Matem\u00e1tica no 3.\u00ba ciclo e Secund\u00e1rio na Universidade de Lisboa, com tese sobre \u201cAs representa\u00e7\u00f5es na resolu\u00e7\u00e3o de problemas de proporcionalidade inversa\u201d, em julho de 2011. Professora h\u00e1 mais de tr\u00eas d\u00e9cadas, desempenha ainda fun\u00e7\u00f5es de Dire\u00e7\u00e3o Pedag\u00f3gica do 2.\u00ba e 3.\u00ba ciclos, fazendo atualmente parte da Dire\u00e7\u00e3o Nacional da AEEP (Associa\u00e7\u00e3o de Estabelecimentos de Ensino Particular e Cooperativo). Apesar destas m\u00faltiplas tarefas, orienta os seus setores com entusiasmo e humildade, sem dist\u00e2ncias e formalismos.<br \/>\nConhecida por todos como \u201cLuisinha\u201d, adora lan\u00e7ar \u201cdesafios\u201d \u2013 seja a alunos ou a colaboradores mais pr\u00f3ximos. Procura transmitir o seu gosto pela Matem\u00e1tica aos seus alunos, fazendo-lhes ver a import\u00e2ncia da disciplina e, sobretudo, a sua presen\u00e7a em muitos aspetos das suas vidas quotidianas. Sempre preocupada com os seus alunos e com a sua autoestima e felicidade, mant\u00e9m com eles uma rela\u00e7\u00e3o simultaneamente de proximidade e respeito.<br \/>\nDiscreta e exigente consigo e com os outros, adora fazer caminhadas \u00e0 beira-mar, estar com a fam\u00edlia e \u00e9 uma verdadeira apreciadora de arte \u2013 da mais cl\u00e1ssica \u00e0 mais contempor\u00e2nea \u2013 nas suas mais variadas express\u00f5es.<br \/>\nO Sigea \u00e9 verdadeiramente a sua casa, onde nasceu e cresceu \u2013 e onde agora, como h\u00e1 mais de 30 anos, faz crescer as suas crian\u00e7as, ou seja, trabalha verdadeiramente para Educar o Futuro.<div class=\"bottom_meta\"><\/div><\/div>    <\/div>\r\n<div class=\"wpb_text_column wpb_content_element\" >\r\n\t<div class=\"wpb_wrapper\">\r\n\t\t<p>Maria Lu\u00edsa Sim\u00f5es Bolota<br \/>\n<em class=\"disciplina\">Dire\u00e7\u00e3o Pedag\u00f3gica<\/em><\/p>\n\t<\/div>\r\n<\/div>\r\n\r\n\r\n\r\n\n\t\t\t<\/div> \n\t\t<\/div>\n\t<\/div> \n\n\t<div  class=\"vc_col-sm-3 wpb_column column_container vc_column_container col no-extra-padding\"  data-padding-pos=\"all\" data-has-bg-color=\"false\" data-bg-color=\"\" data-bg-opacity=\"1\" data-animation=\"\" data-delay=\"0\" >\n\t\t<div class=\"vc_column-inner\" >\n\t\t\t<div class=\"wpb_wrapper\">\n\t\t\t\t\n\t\t\t<\/div> \n\t\t<\/div>\n\t<\/div> \n\n\t<div  class=\"vc_col-sm-3 wpb_column column_container vc_column_container col no-extra-padding\"  data-padding-pos=\"all\" data-has-bg-color=\"false\" data-bg-color=\"\" data-bg-opacity=\"1\" data-animation=\"\" data-delay=\"0\" >\n\t\t<div class=\"vc_column-inner\" >\n\t\t\t<div class=\"wpb_wrapper\">\n\t\t\t\t\n\t\t\t<\/div> \n\t\t<\/div>\n\t<\/div> \n<\/div><\/div>\r\n\t\t<div id=\"fws_69e154d583eef\"  data-column-margin=\"default\" data-midnight=\"dark\" data-top-percent=\"2%\" data-bottom-percent=\"2%\"  class=\"wpb_row vc_row-fluid vc_row calltoaction\"  style=\"padding-top: calc(100vw * 0.02); padding-bottom: calc(100vw * 0.02); \"><div class=\"row-bg-wrap\" data-bg-animation=\"none\" data-bg-overlay=\"false\"><div class=\"inner-wrap\"><div class=\"row-bg viewport-desktop\"  style=\"\"><\/div><\/div><\/div><div class=\"row_col_wrap_12 col span_12 dark center\">\n\t<div  class=\"vc_col-sm-12 wpb_column column_container vc_column_container col no-extra-padding\"  data-padding-pos=\"all\" data-has-bg-color=\"false\" data-bg-color=\"\" data-bg-opacity=\"1\" data-animation=\"\" data-delay=\"0\" >\n\t\t<div class=\"vc_column-inner\" >\n\t\t\t<div class=\"wpb_wrapper\">\n\t\t\t\t\r\n<div class=\"wpb_text_column wpb_content_element\" >\r\n\t<div class=\"wpb_wrapper\">\r\n\t\t<h2>Conhe\u00e7a o nosso Corpo Docente<\/h2>\n\t<\/div>\r\n<\/div>\r\n\r\n\r\n\r\n<div class=\"divider-wrap\" data-alignment=\"default\"><div style=\"height: 50px;\" class=\"divider\"><\/div><\/div><div class=\"nectar-cta\" data-color=\"default\" data-using-bg=\"false\" data-display=\"block\" data-style=\"underline\" data-alignment=\"center\" data-text-color=\"custom\" ><h5 style=\"color: #333333;\"> <span class=\"text\"> <\/span><span class=\"link_wrap\" ><a  class=\"link_text\" style=\"border-color: #333333;\" href=\"\/en\/corpo-docente\/\">Saiba quem educa o futuro<\/a><\/span><\/h5><\/div>\n\t\t\t<\/div> \n\t\t<\/div>\n\t<\/div> \n<\/div><\/div>","protected":false},"excerpt":{"rendered":"Teste P\u00e1gina Uma Dire\u00e7\u00e3o herdeira dos fundadores do Col\u00e9gio e que, dando continuidade ao trabalho por estes iniciado, aposta numa atualiza\u00e7\u00e3o permanente ao n\u00edvel da pedagogia e mant\u00e9m igualmente uma...","protected":false},"author":1,"featured_media":0,"parent":0,"menu_order":0,"comment_status":"closed","ping_status":"closed","template":"","meta":{"_acf_changed":false,"advgb_blocks_editor_width":"","advgb_blocks_columns_visual_guide":"","_joinchat":[],"footnotes":"","_links_to":"","_links_to_target":""},"class_list":["post-4208","page","type-page","status-publish"],"acf":[],"yoast_head":"<!-- This site is optimized with the Yoast SEO plugin v26.2 - https:\/\/yoast.com\/wordpress\/plugins\/seo\/ -->\n<title>Col\u00e9gio SIGEA - Teste P\u00e1gina<\/title>\n<meta name=\"description\" content=\"Somos uma Fam\u00edlia h\u00e1 muito dedicada ao Ensino, que soube rodear-se de uma equipa competente e voluntariosa, cuja atua\u00e7\u00e3o di\u00e1ria est\u00e1 em linha com os valores defendidos pelo Col\u00e9gio.\" \/>\n<meta name=\"robots\" content=\"index, follow, max-snippet:-1, max-image-preview:large, max-video-preview:-1\" \/>\n<link rel=\"canonical\" href=\"https:\/\/sigea.pt\/en\/teste-pagina\/\" \/>\n<meta property=\"og:locale\" content=\"en_GB\" \/>\n<meta property=\"og:type\" content=\"article\" \/>\n<meta property=\"og:title\" content=\"Col\u00e9gio SIGEA - Teste P\u00e1gina\" \/>\n<meta property=\"og:description\" content=\"Somos uma Fam\u00edlia h\u00e1 muito dedicada ao Ensino, que soube rodear-se de uma equipa competente e voluntariosa, cuja atua\u00e7\u00e3o di\u00e1ria est\u00e1 em linha com os valores defendidos pelo Col\u00e9gio.\" \/>\n<meta property=\"og:url\" content=\"https:\/\/sigea.pt\/en\/teste-pagina\/\" \/>\n<meta property=\"og:site_name\" content=\"Col\u00e9gio SIGEA\" \/>\n<meta property=\"article:publisher\" content=\"https:\/\/www.facebook.com\/clsigea\" \/>\n<meta property=\"article:modified_time\" content=\"2021-12-09T15:55:52+00:00\" \/>\n<meta name=\"twitter:card\" content=\"summary_large_image\" \/>\n<meta name=\"twitter:label1\" content=\"Estimated reading time\" \/>\n\t<meta name=\"twitter:data1\" content=\"4 minutes\" \/>\n<script type=\"application\/ld+json\" class=\"yoast-schema-graph\">{\"@context\":\"https:\/\/schema.org\",\"@graph\":[{\"@type\":\"WebPage\",\"@id\":\"https:\/\/sigea.pt\/teste-pagina\/\",\"url\":\"https:\/\/sigea.pt\/teste-pagina\/\",\"name\":\"Col\u00e9gio SIGEA - Teste P\u00e1gina\",\"isPartOf\":{\"@id\":\"https:\/\/sigea.pt\/#website\"},\"datePublished\":\"2021-12-09T15:52:50+00:00\",\"dateModified\":\"2021-12-09T15:55:52+00:00\",\"description\":\"Somos uma Fam\u00edlia h\u00e1 muito dedicada ao Ensino, que soube rodear-se de uma equipa competente e voluntariosa, cuja atua\u00e7\u00e3o di\u00e1ria est\u00e1 em linha com os valores defendidos pelo Col\u00e9gio.\",\"breadcrumb\":{\"@id\":\"https:\/\/sigea.pt\/teste-pagina\/#breadcrumb\"},\"inLanguage\":\"en-GB\",\"potentialAction\":[{\"@type\":\"ReadAction\",\"target\":[\"https:\/\/sigea.pt\/teste-pagina\/\"]}]},{\"@type\":\"BreadcrumbList\",\"@id\":\"https:\/\/sigea.pt\/teste-pagina\/#breadcrumb\",\"itemListElement\":[{\"@type\":\"ListItem\",\"position\":1,\"name\":\"In\u00edcio\",\"item\":\"https:\/\/sigea.pt\/\"},{\"@type\":\"ListItem\",\"position\":2,\"name\":\"Teste P\u00e1gina\"}]},{\"@type\":\"WebSite\",\"@id\":\"https:\/\/sigea.pt\/#website\",\"url\":\"https:\/\/sigea.pt\/\",\"name\":\"Col\u00e9gio SIGEA\",\"description\":\"Educar o Futuro\",\"publisher\":{\"@id\":\"https:\/\/sigea.pt\/#organization\"},\"potentialAction\":[{\"@type\":\"SearchAction\",\"target\":{\"@type\":\"EntryPoint\",\"urlTemplate\":\"https:\/\/sigea.pt\/?s={search_term_string}\"},\"query-input\":{\"@type\":\"PropertyValueSpecification\",\"valueRequired\":true,\"valueName\":\"search_term_string\"}}],\"inLanguage\":\"en-GB\"},{\"@type\":\"Organization\",\"@id\":\"https:\/\/sigea.pt\/#organization\",\"name\":\"Col\u00e9gio Sigea\",\"url\":\"https:\/\/sigea.pt\/\",\"logo\":{\"@type\":\"ImageObject\",\"inLanguage\":\"en-GB\",\"@id\":\"https:\/\/sigea.pt\/#\/schema\/logo\/image\/\",\"url\":\"https:\/\/sigea.pt\/wp-content\/uploads\/2019\/04\/logo-blue.png\",\"contentUrl\":\"https:\/\/sigea.pt\/wp-content\/uploads\/2019\/04\/logo-blue.png\",\"width\":150,\"height\":150,\"caption\":\"Col\u00e9gio Sigea\"},\"image\":{\"@id\":\"https:\/\/sigea.pt\/#\/schema\/logo\/image\/\"},\"sameAs\":[\"https:\/\/www.facebook.com\/clsigea\"]}]}<\/script>\n<!-- \/ Yoast SEO plugin. -->","yoast_head_json":{"title":"Col\u00e9gio SIGEA - Teste P\u00e1gina","description":"We are a family that has been committed to teaching for a long time and therefore were able to choose a very competent and dedicated school staff, whose daily action is always according to the school values.","robots":{"index":"index","follow":"follow","max-snippet":"max-snippet:-1","max-image-preview":"max-image-preview:large","max-video-preview":"max-video-preview:-1"},"canonical":"https:\/\/sigea.pt\/en\/teste-pagina\/","og_locale":"en_GB","og_type":"article","og_title":"Col\u00e9gio SIGEA - Teste P\u00e1gina","og_description":"Somos uma Fam\u00edlia h\u00e1 muito dedicada ao Ensino, que soube rodear-se de uma equipa competente e voluntariosa, cuja atua\u00e7\u00e3o di\u00e1ria est\u00e1 em linha com os valores defendidos pelo Col\u00e9gio.","og_url":"https:\/\/sigea.pt\/en\/teste-pagina\/","og_site_name":"Col\u00e9gio SIGEA","article_publisher":"https:\/\/www.facebook.com\/clsigea","article_modified_time":"2021-12-09T15:55:52+00:00","twitter_card":"summary_large_image","twitter_misc":{"Estimated reading time":"4 minutes"},"schema":{"@context":"https:\/\/schema.org","@graph":[{"@type":"WebPage","@id":"https:\/\/sigea.pt\/teste-pagina\/","url":"https:\/\/sigea.pt\/teste-pagina\/","name":"Col\u00e9gio SIGEA - Teste P\u00e1gina","isPartOf":{"@id":"https:\/\/sigea.pt\/#website"},"datePublished":"2021-12-09T15:52:50+00:00","dateModified":"2021-12-09T15:55:52+00:00","description":"We are a family that has been committed to teaching for a long time and therefore were able to choose a very competent and dedicated school staff, whose daily action is always according to the school values.","breadcrumb":{"@id":"https:\/\/sigea.pt\/teste-pagina\/#breadcrumb"},"inLanguage":"en-GB","potentialAction":[{"@type":"ReadAction","target":["https:\/\/sigea.pt\/teste-pagina\/"]}]},{"@type":"BreadcrumbList","@id":"https:\/\/sigea.pt\/teste-pagina\/#breadcrumb","itemListElement":[{"@type":"ListItem","position":1,"name":"In\u00edcio","item":"https:\/\/sigea.pt\/"},{"@type":"ListItem","position":2,"name":"Teste P\u00e1gina"}]},{"@type":"WebSite","@id":"https:\/\/sigea.pt\/#website","url":"https:\/\/sigea.pt\/","name":"Our School","description":"Educating the Future","publisher":{"@id":"https:\/\/sigea.pt\/#organization"},"potentialAction":[{"@type":"SearchAction","target":{"@type":"EntryPoint","urlTemplate":"https:\/\/sigea.pt\/?s={search_term_string}"},"query-input":{"@type":"PropertyValueSpecification","valueRequired":true,"valueName":"search_term_string"}}],"inLanguage":"en-GB"},{"@type":"Organization","@id":"https:\/\/sigea.pt\/#organization","name":"Col\u00e9gio Sigea","url":"https:\/\/sigea.pt\/","logo":{"@type":"ImageObject","inLanguage":"en-GB","@id":"https:\/\/sigea.pt\/#\/schema\/logo\/image\/","url":"https:\/\/sigea.pt\/wp-content\/uploads\/2019\/04\/logo-blue.png","contentUrl":"https:\/\/sigea.pt\/wp-content\/uploads\/2019\/04\/logo-blue.png","width":150,"height":150,"caption":"Col\u00e9gio Sigea"},"image":{"@id":"https:\/\/sigea.pt\/#\/schema\/logo\/image\/"},"sameAs":["https:\/\/www.facebook.com\/clsigea"]}]}},"coauthors":[],"author_meta":{"author_link":"https:\/\/sigea.pt\/en\/author\/bastudio\/","display_name":"bastudio"},"relative_dates":{"created":"Posted 4 years ago","modified":"Updated 4 years ago"},"absolute_dates":{"created":"Posted on 09\/12\/2021","modified":"Updated on 09\/12\/2021"},"absolute_dates_time":{"created":"Posted on 09\/12\/2021 15:52","modified":"Updated on 09\/12\/2021 15:55"},"featured_img_caption":"","featured_img":false,"series_order":"","_links":{"self":[{"href":"https:\/\/sigea.pt\/en\/wp-json\/wp\/v2\/pages\/4208","targetHints":{"allow":["GET"]}}],"collection":[{"href":"https:\/\/sigea.pt\/en\/wp-json\/wp\/v2\/pages"}],"about":[{"href":"https:\/\/sigea.pt\/en\/wp-json\/wp\/v2\/types\/page"}],"author":[{"embeddable":true,"href":"https:\/\/sigea.pt\/en\/wp-json\/wp\/v2\/users\/1"}],"replies":[{"embeddable":true,"href":"https:\/\/sigea.pt\/en\/wp-json\/wp\/v2\/comments?post=4208"}],"version-history":[{"count":0,"href":"https:\/\/sigea.pt\/en\/wp-json\/wp\/v2\/pages\/4208\/revisions"}],"wp:attachment":[{"href":"https:\/\/sigea.pt\/en\/wp-json\/wp\/v2\/media?parent=4208"}],"curies":[{"name":"wp","href":"https:\/\/api.w.org\/{rel}","templated":true}]}}