{"id":172,"date":"2020-03-31T10:15:58","date_gmt":"2020-03-31T10:15:58","guid":{"rendered":"https:\/\/sigea.pt\/?page_id=172"},"modified":"2020-03-31T10:15:58","modified_gmt":"2020-03-31T10:15:58","slug":"transporte","status":"publish","type":"page","link":"https:\/\/sigea.pt\/en\/transporte\/","title":{"rendered":"Transportation"},"content":{"rendered":"<div id=\"fws_69e076dc8e230\"  data-column-margin=\"default\" data-midnight=\"light\" data-top-percent=\"25%\" data-bottom-percent=\"5%\"  class=\"wpb_row vc_row-fluid vc_row full-width-section\"  style=\"padding-top: calc(100vw * 0.25); padding-bottom: calc(100vw * 0.05); \"><div class=\"row-bg-wrap\" data-bg-animation=\"none\" data-bg-overlay=\"true\"><div class=\"inner-wrap using-image\"><div class=\"row-bg viewport-desktop using-image\"  style=\"background-image: url(https:\/\/sigea.pt\/wp-content\/uploads\/2019\/06\/transporte.jpg); background-position: center center; background-repeat: no-repeat; \"><\/div><\/div><div class=\"row-bg-overlay\" style=\"background-color:#020202;  opacity: 0.3; \"><\/div><\/div><div class=\"row_col_wrap_12 col span_12 light left\">\n\t<div  class=\"vc_col-sm-12 wpb_column column_container vc_column_container col no-extra-padding\"  data-padding-pos=\"all\" data-has-bg-color=\"false\" data-bg-color=\"\" data-bg-opacity=\"1\" data-animation=\"\" data-delay=\"0\" >\n\t\t<div class=\"vc_column-inner\" >\n\t\t\t<div class=\"wpb_wrapper\">\n\t\t\t\t\r\n<div class=\"wpb_text_column wpb_content_element\" >\r\n\t<div class=\"wpb_wrapper\">\r\n\t\t<h1>Transportation<\/h1>\n\t<\/div>\r\n<\/div>\r\n\r\n\r\n\r\n\n\t\t\t<\/div> \n\t\t<\/div>\n\t<\/div> \n<\/div><\/div>\r\n\t\t<div id=\"fws_69e076dc8ea9c\"  data-column-margin=\"default\" data-midnight=\"dark\"  class=\"wpb_row vc_row-fluid vc_row\"  style=\"padding-top: 0px; padding-bottom: 0px; \"><div class=\"row-bg-wrap\" data-bg-animation=\"none\" data-bg-overlay=\"false\"><div class=\"inner-wrap\"><div class=\"row-bg viewport-desktop\"  style=\"\"><\/div><\/div><\/div><div class=\"row_col_wrap_12 col span_12 dark left\">\n\t<div  class=\"vc_col-sm-8 wpb_column column_container vc_column_container col padding-5-percent\"  data-padding-pos=\"top\" data-has-bg-color=\"false\" data-bg-color=\"\" data-bg-opacity=\"1\" data-animation=\"\" data-delay=\"0\" >\n\t\t<div class=\"vc_column-inner\" >\n\t\t\t<div class=\"wpb_wrapper\">\n\t\t\t\t\r\n<div class=\"wpb_text_column wpb_content_element\" >\r\n\t<div class=\"wpb_wrapper\">\r\n\t\t<h3>O col\u00e9gio possui carrinha (que respeita as mais recentes normas de seguran\u00e7a) e motorista pr\u00f3prio, podendo todos os alunos usufruir do transporte quer na desloca\u00e7\u00e3o para o Col\u00e9gio, quer no regresso a casa.<\/h3>\n\t<\/div>\r\n<\/div>\r\n\r\n\r\n\r\n\n\t\t\t<\/div> \n\t\t<\/div>\n\t<\/div> \n\n\t<div  class=\"vc_col-sm-4 wpb_column column_container vc_column_container col no-extra-padding\"  data-padding-pos=\"all\" data-has-bg-color=\"false\" data-bg-color=\"\" data-bg-opacity=\"1\" data-animation=\"\" data-delay=\"0\" >\n\t\t<div class=\"vc_column-inner\" >\n\t\t\t<div class=\"wpb_wrapper\">\n\t\t\t\t\n\t\t\t<\/div> \n\t\t<\/div>\n\t<\/div> \n<\/div><\/div>\r\n\t\t<div id=\"fws_69e076dc8eda9\"  data-column-margin=\"default\" data-midnight=\"dark\"  class=\"wpb_row vc_row-fluid vc_row\"  style=\"padding-top: 0px; padding-bottom: 0px; \"><div class=\"row-bg-wrap\" data-bg-animation=\"none\" data-bg-overlay=\"false\"><div class=\"inner-wrap\"><div class=\"row-bg viewport-desktop\"  style=\"\"><\/div><\/div><\/div><div class=\"row_col_wrap_12 col span_12 dark left\">\n\t<div  class=\"vc_col-sm-8 wpb_column column_container vc_column_container col no-extra-padding\"  data-padding-pos=\"all\" data-has-bg-color=\"false\" data-bg-color=\"\" data-bg-opacity=\"1\" data-animation=\"\" data-delay=\"0\" >\n\t\t<div class=\"vc_column-inner\" >\n\t\t\t<div class=\"wpb_wrapper\">\n\t\t\t\t\r\n<div class=\"wpb_text_column wpb_content_element\" >\r\n\t<div class=\"wpb_wrapper\">\r\n\t\t<p>O transporte \u00e9 tamb\u00e9m utilizado, sempre que necess\u00e1rio, nas atividades realizadas fora do Col\u00e9gio e em visitas de estudo. Em todas as desloca\u00e7\u00f5es, os alunos s\u00e3o acompanhados por uma auxiliar ou por um ou mais docentes.<\/p>\n\t<\/div>\r\n<\/div>\r\n\r\n\r\n\r\n\n\t\t\t<\/div> \n\t\t<\/div>\n\t<\/div> \n\n\t<div  class=\"vc_col-sm-4 wpb_column column_container vc_column_container col no-extra-padding\"  data-padding-pos=\"all\" data-has-bg-color=\"false\" data-bg-color=\"\" data-bg-opacity=\"1\" data-animation=\"\" data-delay=\"0\" >\n\t\t<div class=\"vc_column-inner\" >\n\t\t\t<div class=\"wpb_wrapper\">\n\t\t\t\t\n\t\t\t<\/div> \n\t\t<\/div>\n\t<\/div> \n<\/div><\/div>\r\n\t\t<div id=\"fws_69e076dc8f02c\"  data-column-margin=\"default\" data-midnight=\"dark\" data-top-percent=\"2%\" data-bottom-percent=\"2%\"  class=\"wpb_row vc_row-fluid vc_row calltoaction\"  style=\"padding-top: calc(100vw * 0.02); padding-bottom: calc(100vw * 0.02); \"><div class=\"row-bg-wrap\" data-bg-animation=\"none\" data-bg-overlay=\"false\"><div class=\"inner-wrap\"><div class=\"row-bg viewport-desktop\"  style=\"\"><\/div><\/div><\/div><div class=\"row_col_wrap_12 col span_12 dark center\">\n\t<div  class=\"vc_col-sm-12 wpb_column column_container vc_column_container col no-extra-padding\"  data-padding-pos=\"all\" data-has-bg-color=\"false\" data-bg-color=\"\" data-bg-opacity=\"1\" data-animation=\"\" data-delay=\"0\" >\n\t\t<div class=\"vc_column-inner\" >\n\t\t\t<div class=\"wpb_wrapper\">\n\t\t\t\t\r\n<div class=\"wpb_text_column wpb_content_element\" >\r\n\t<div class=\"wpb_wrapper\">\r\n\t\t<h2>Marque uma visita ao Col\u00e9gio<\/h2>\n\t<\/div>\r\n<\/div>\r\n\r\n\r\n\r\n<div class=\"divider-wrap\" data-alignment=\"default\"><div style=\"height: 50px;\" class=\"divider\"><\/div><\/div><div class=\"nectar-cta\" data-color=\"\" data-using-bg=\"false\" data-display=\"block\" data-style=\"underline\" data-alignment=\"center\" data-text-color=\"custom\" ><h5 style=\"color: #333333;\"> <span class=\"text\"> <\/span><span class=\"link_wrap\" ><a  class=\"link_text\" style=\"border-color: #333333;\" href=\"\/en\/marcar-visita\/\">Schedule a visit<\/a><\/span><\/h5><\/div>\n\t\t\t<\/div> \n\t\t<\/div>\n\t<\/div> \n<\/div><\/div>","protected":false},"excerpt":{"rendered":"Transporte O col\u00e9gio possui carrinha (que respeita as mais recentes normas de seguran\u00e7a) e motorista pr\u00f3prio, podendo todos os alunos usufruir do transporte quer na desloca\u00e7\u00e3o para o Col\u00e9gio, quer...","protected":false},"author":1,"featured_media":0,"parent":0,"menu_order":0,"comment_status":"closed","ping_status":"closed","template":"","meta":{"_acf_changed":false,"advgb_blocks_editor_width":"","advgb_blocks_columns_visual_guide":"","_joinchat":[],"footnotes":"","_links_to":"","_links_to_target":""},"class_list":["post-172","page","type-page","status-publish"],"acf":[],"yoast_head":"<!-- This site is optimized with the Yoast SEO plugin v26.2 - https:\/\/yoast.com\/wordpress\/plugins\/seo\/ -->\n<title>Col\u00e9gio SIGEA - Transporte<\/title>\n<meta name=\"description\" content=\"Somos uma Fam\u00edlia h\u00e1 muito dedicada ao Ensino, que soube rodear-se de uma equipa competente e voluntariosa, cuja atua\u00e7\u00e3o di\u00e1ria est\u00e1 em linha com os valores defendidos pelo Col\u00e9gio.\" \/>\n<meta name=\"robots\" content=\"index, follow, max-snippet:-1, max-image-preview:large, max-video-preview:-1\" \/>\n<link rel=\"canonical\" href=\"http:\/\/sigea.pt\/en\/transporte\/\" \/>\n<meta property=\"og:locale\" content=\"en_GB\" \/>\n<meta property=\"og:type\" content=\"article\" \/>\n<meta property=\"og:title\" content=\"Col\u00e9gio SIGEA - Transporte\" \/>\n<meta property=\"og:description\" content=\"Somos uma Fam\u00edlia h\u00e1 muito dedicada ao Ensino, que soube rodear-se de uma equipa competente e voluntariosa, cuja atua\u00e7\u00e3o di\u00e1ria est\u00e1 em linha com os valores defendidos pelo Col\u00e9gio.\" \/>\n<meta property=\"og:url\" content=\"http:\/\/sigea.pt\/en\/transporte\/\" \/>\n<meta property=\"og:site_name\" content=\"Col\u00e9gio SIGEA\" \/>\n<meta property=\"article:publisher\" content=\"https:\/\/www.facebook.com\/clsigea\" \/>\n<meta name=\"twitter:card\" content=\"summary_large_image\" \/>\n<meta name=\"twitter:label1\" content=\"Estimated reading time\" \/>\n\t<meta name=\"twitter:data1\" content=\"3 minutes\" \/>\n<script type=\"application\/ld+json\" class=\"yoast-schema-graph\">{\"@context\":\"https:\/\/schema.org\",\"@graph\":[{\"@type\":\"WebPage\",\"@id\":\"http:\/\/sigea.pt\/transporte\/\",\"url\":\"http:\/\/sigea.pt\/transporte\/\",\"name\":\"Col\u00e9gio SIGEA - Transporte\",\"isPartOf\":{\"@id\":\"https:\/\/sigea.pt\/#website\"},\"datePublished\":\"2020-03-31T10:15:58+00:00\",\"description\":\"Somos uma Fam\u00edlia h\u00e1 muito dedicada ao Ensino, que soube rodear-se de uma equipa competente e voluntariosa, cuja atua\u00e7\u00e3o di\u00e1ria est\u00e1 em linha com os valores defendidos pelo Col\u00e9gio.\",\"breadcrumb\":{\"@id\":\"http:\/\/sigea.pt\/transporte\/#breadcrumb\"},\"inLanguage\":\"en-GB\",\"potentialAction\":[{\"@type\":\"ReadAction\",\"target\":[\"http:\/\/sigea.pt\/transporte\/\"]}]},{\"@type\":\"BreadcrumbList\",\"@id\":\"http:\/\/sigea.pt\/transporte\/#breadcrumb\",\"itemListElement\":[{\"@type\":\"ListItem\",\"position\":1,\"name\":\"In\u00edcio\",\"item\":\"https:\/\/sigea.pt\/\"},{\"@type\":\"ListItem\",\"position\":2,\"name\":\"Transporte\"}]},{\"@type\":\"WebSite\",\"@id\":\"https:\/\/sigea.pt\/#website\",\"url\":\"https:\/\/sigea.pt\/\",\"name\":\"Col\u00e9gio SIGEA\",\"description\":\"Educar o Futuro\",\"publisher\":{\"@id\":\"https:\/\/sigea.pt\/#organization\"},\"potentialAction\":[{\"@type\":\"SearchAction\",\"target\":{\"@type\":\"EntryPoint\",\"urlTemplate\":\"https:\/\/sigea.pt\/?s={search_term_string}\"},\"query-input\":{\"@type\":\"PropertyValueSpecification\",\"valueRequired\":true,\"valueName\":\"search_term_string\"}}],\"inLanguage\":\"en-GB\"},{\"@type\":\"Organization\",\"@id\":\"https:\/\/sigea.pt\/#organization\",\"name\":\"Col\u00e9gio Sigea\",\"url\":\"https:\/\/sigea.pt\/\",\"logo\":{\"@type\":\"ImageObject\",\"inLanguage\":\"en-GB\",\"@id\":\"https:\/\/sigea.pt\/#\/schema\/logo\/image\/\",\"url\":\"https:\/\/sigea.pt\/wp-content\/uploads\/2019\/04\/logo-blue.png\",\"contentUrl\":\"https:\/\/sigea.pt\/wp-content\/uploads\/2019\/04\/logo-blue.png\",\"width\":150,\"height\":150,\"caption\":\"Col\u00e9gio Sigea\"},\"image\":{\"@id\":\"https:\/\/sigea.pt\/#\/schema\/logo\/image\/\"},\"sameAs\":[\"https:\/\/www.facebook.com\/clsigea\"]}]}<\/script>\n<!-- \/ Yoast SEO plugin. -->","yoast_head_json":{"title":"Col\u00e9gio SIGEA - Transporte","description":"We are a family that has been committed to teaching for a long time and therefore were able to choose a very competent and dedicated school staff, whose daily action is always according to the school values.","robots":{"index":"index","follow":"follow","max-snippet":"max-snippet:-1","max-image-preview":"max-image-preview:large","max-video-preview":"max-video-preview:-1"},"canonical":"http:\/\/sigea.pt\/en\/transporte\/","og_locale":"en_GB","og_type":"article","og_title":"Col\u00e9gio SIGEA - Transporte","og_description":"Somos uma Fam\u00edlia h\u00e1 muito dedicada ao Ensino, que soube rodear-se de uma equipa competente e voluntariosa, cuja atua\u00e7\u00e3o di\u00e1ria est\u00e1 em linha com os valores defendidos pelo Col\u00e9gio.","og_url":"http:\/\/sigea.pt\/en\/transporte\/","og_site_name":"Col\u00e9gio SIGEA","article_publisher":"https:\/\/www.facebook.com\/clsigea","twitter_card":"summary_large_image","twitter_misc":{"Estimated reading time":"3 minutes"},"schema":{"@context":"https:\/\/schema.org","@graph":[{"@type":"WebPage","@id":"http:\/\/sigea.pt\/transporte\/","url":"http:\/\/sigea.pt\/transporte\/","name":"Col\u00e9gio SIGEA - Transporte","isPartOf":{"@id":"https:\/\/sigea.pt\/#website"},"datePublished":"2020-03-31T10:15:58+00:00","description":"We are a family that has been committed to teaching for a long time and therefore were able to choose a very competent and dedicated school staff, whose daily action is always according to the school values.","breadcrumb":{"@id":"http:\/\/sigea.pt\/transporte\/#breadcrumb"},"inLanguage":"en-GB","potentialAction":[{"@type":"ReadAction","target":["http:\/\/sigea.pt\/transporte\/"]}]},{"@type":"BreadcrumbList","@id":"http:\/\/sigea.pt\/transporte\/#breadcrumb","itemListElement":[{"@type":"ListItem","position":1,"name":"In\u00edcio","item":"https:\/\/sigea.pt\/"},{"@type":"ListItem","position":2,"name":"Transporte"}]},{"@type":"WebSite","@id":"https:\/\/sigea.pt\/#website","url":"https:\/\/sigea.pt\/","name":"Our School","description":"Educating the Future","publisher":{"@id":"https:\/\/sigea.pt\/#organization"},"potentialAction":[{"@type":"SearchAction","target":{"@type":"EntryPoint","urlTemplate":"https:\/\/sigea.pt\/?s={search_term_string}"},"query-input":{"@type":"PropertyValueSpecification","valueRequired":true,"valueName":"search_term_string"}}],"inLanguage":"en-GB"},{"@type":"Organization","@id":"https:\/\/sigea.pt\/#organization","name":"Col\u00e9gio Sigea","url":"https:\/\/sigea.pt\/","logo":{"@type":"ImageObject","inLanguage":"en-GB","@id":"https:\/\/sigea.pt\/#\/schema\/logo\/image\/","url":"https:\/\/sigea.pt\/wp-content\/uploads\/2019\/04\/logo-blue.png","contentUrl":"https:\/\/sigea.pt\/wp-content\/uploads\/2019\/04\/logo-blue.png","width":150,"height":150,"caption":"Col\u00e9gio Sigea"},"image":{"@id":"https:\/\/sigea.pt\/#\/schema\/logo\/image\/"},"sameAs":["https:\/\/www.facebook.com\/clsigea"]}]}},"coauthors":[],"author_meta":{"author_link":"https:\/\/sigea.pt\/en\/author\/bastudio\/","display_name":"bastudio"},"relative_dates":{"created":"Posted 6 years ago","modified":"Updated 6 years ago"},"absolute_dates":{"created":"Posted on 31\/03\/2020","modified":"Updated on 31\/03\/2020"},"absolute_dates_time":{"created":"Posted on 31\/03\/2020 10:15","modified":"Updated on 31\/03\/2020 10:15"},"featured_img_caption":"","featured_img":false,"series_order":"","_links":{"self":[{"href":"https:\/\/sigea.pt\/en\/wp-json\/wp\/v2\/pages\/172","targetHints":{"allow":["GET"]}}],"collection":[{"href":"https:\/\/sigea.pt\/en\/wp-json\/wp\/v2\/pages"}],"about":[{"href":"https:\/\/sigea.pt\/en\/wp-json\/wp\/v2\/types\/page"}],"author":[{"embeddable":true,"href":"https:\/\/sigea.pt\/en\/wp-json\/wp\/v2\/users\/1"}],"replies":[{"embeddable":true,"href":"https:\/\/sigea.pt\/en\/wp-json\/wp\/v2\/comments?post=172"}],"version-history":[{"count":0,"href":"https:\/\/sigea.pt\/en\/wp-json\/wp\/v2\/pages\/172\/revisions"}],"wp:attachment":[{"href":"https:\/\/sigea.pt\/en\/wp-json\/wp\/v2\/media?parent=172"}],"curies":[{"name":"wp","href":"https:\/\/api.w.org\/{rel}","templated":true}]}}