{"id":168,"date":"2020-03-31T10:15:08","date_gmt":"2020-03-31T10:15:08","guid":{"rendered":"https:\/\/sigea.pt\/?page_id=168"},"modified":"2022-09-08T08:11:29","modified_gmt":"2022-09-08T08:11:29","slug":"sala-de-estudo","status":"publish","type":"page","link":"https:\/\/sigea.pt\/en\/sala-de-estudo\/","title":{"rendered":"Study Room"},"content":{"rendered":"<div id=\"fws_69e77cc1974f9\"  data-column-margin=\"default\" data-midnight=\"light\" data-top-percent=\"25%\" data-bottom-percent=\"5%\"  class=\"wpb_row vc_row-fluid vc_row full-width-section\"  style=\"padding-top: calc(100vw * 0.25); padding-bottom: calc(100vw * 0.05); \"><div class=\"row-bg-wrap\" data-bg-animation=\"none\" data-bg-overlay=\"true\"><div class=\"inner-wrap using-image\"><div class=\"row-bg viewport-desktop using-image\"  style=\"background-position: center center; background-repeat: no-repeat; \"><\/div><\/div><div class=\"row-bg-overlay\" style=\"background-color:#020202;  opacity: 0.3; \"><\/div><\/div><div class=\"row_col_wrap_12 col span_12 light left\">\n\t<div  class=\"vc_col-sm-12 wpb_column column_container vc_column_container col no-extra-padding inherit_tablet inherit_phone\"  data-padding-pos=\"all\" data-has-bg-color=\"false\" data-bg-color=\"\" data-bg-opacity=\"1\" data-animation=\"\" data-delay=\"0\" >\n\t\t<div class=\"vc_column-inner\" >\n\t\t\t<div class=\"wpb_wrapper\">\n\t\t\t\t\r\n<div class=\"wpb_text_column wpb_content_element\" >\r\n\t<div class=\"wpb_wrapper\">\r\n\t\t<h1>Study Room<\/h1>\n\t<\/div>\r\n<\/div>\r\n\r\n\r\n\r\n\n\t\t\t<\/div> \n\t\t<\/div>\n\t<\/div> \n<\/div><\/div>\r\n\t\t<div id=\"fws_69e77cc197da7\"  data-column-margin=\"default\" data-midnight=\"dark\"  class=\"wpb_row vc_row-fluid vc_row\"  style=\"padding-top: 0px; padding-bottom: 0px; \"><div class=\"row-bg-wrap\" data-bg-animation=\"none\" data-bg-overlay=\"false\"><div class=\"inner-wrap\"><div class=\"row-bg viewport-desktop\"  style=\"\"><\/div><\/div><\/div><div class=\"row_col_wrap_12 col span_12 dark left\">\n\t<div  class=\"vc_col-sm-8 wpb_column column_container vc_column_container col padding-5-percent inherit_tablet inherit_phone\"  data-padding-pos=\"top\" data-has-bg-color=\"false\" data-bg-color=\"\" data-bg-opacity=\"1\" data-animation=\"\" data-delay=\"0\" >\n\t\t<div class=\"vc_column-inner\" >\n\t\t\t<div class=\"wpb_wrapper\">\n\t\t\t\t\r\n<div class=\"wpb_text_column wpb_content_element\" >\r\n\t<div class=\"wpb_wrapper\">\r\n\t\t<h3>Sala de Estudo do Col\u00e9gio D. Lu\u00edsa Sigea funciona de 2.\u00aa feira a 6.\u00aa feira nos seguintes hor\u00e1rios:<\/h3>\n\t<\/div>\r\n<\/div>\r\n\r\n\r\n\r\n<div class=\"divider-wrap\" data-alignment=\"default\"><div style=\"height: 25px;\" class=\"divider\"><\/div><\/div>\r\n<div class=\"wpb_text_column wpb_content_element\" >\r\n\t<div class=\"wpb_wrapper\">\r\n\t\t<table border=\"2\" cellspacing=\"1\" cellpadding=\"1\" align=\"center\">\n<tbody>\n<tr>\n<td class=\"rtecenter\"><\/td>\n<td class=\"rtecenter\">2.\u00aa a 5.\u00aa feira<\/td>\n<td class=\"rtecenter\">6.\u00aa feira<\/td>\n<\/tr>\n<tr>\n<td class=\"rtecenter\">1st Cycle<\/td>\n<td class=\"rtecenter\">16h00 \u00e0s 17h00<\/td>\n<td class=\"rtecenter\">13.45h \u00e0s 16h00<\/td>\n<\/tr>\n<tr>\n<td class=\"rtecenter\">2.\u00ba e 3.\u00ba Ciclos<\/td>\n<td class=\"rtecenter\">16h30 \u00e0s 17h30<\/td>\n<td class=\"rtecenter\">N\u00e3o se realiza<\/td>\n<\/tr>\n<\/tbody>\n<\/table>\n\t<\/div>\r\n<\/div>\r\n\r\n\r\n\r\n\n\t\t\t<\/div> \n\t\t<\/div>\n\t<\/div> \n\n\t<div  class=\"vc_col-sm-4 wpb_column column_container vc_column_container col no-extra-padding inherit_tablet inherit_phone\"  data-padding-pos=\"all\" data-has-bg-color=\"false\" data-bg-color=\"\" data-bg-opacity=\"1\" data-animation=\"\" data-delay=\"0\" >\n\t\t<div class=\"vc_column-inner\" >\n\t\t\t<div class=\"wpb_wrapper\">\n\t\t\t\t\n\t\t\t<\/div> \n\t\t<\/div>\n\t<\/div> \n<\/div><\/div>\r\n\t\t<div id=\"fws_69e77cc1982b9\"  data-column-margin=\"default\" data-midnight=\"dark\"  class=\"wpb_row vc_row-fluid vc_row\"  style=\"padding-top: 0px; padding-bottom: 0px; \"><div class=\"row-bg-wrap\" data-bg-animation=\"none\" data-bg-overlay=\"false\"><div class=\"inner-wrap\"><div class=\"row-bg viewport-desktop\"  style=\"\"><\/div><\/div><\/div><div class=\"row_col_wrap_12 col span_12 dark left\">\n\t<div  class=\"vc_col-sm-8 wpb_column column_container vc_column_container col no-extra-padding inherit_tablet inherit_phone\"  data-padding-pos=\"all\" data-has-bg-color=\"false\" data-bg-color=\"\" data-bg-opacity=\"1\" data-animation=\"\" data-delay=\"0\" >\n\t\t<div class=\"vc_column-inner\" >\n\t\t\t<div class=\"wpb_wrapper\">\n\t\t\t\t\r\n<div class=\"wpb_text_column wpb_content_element\" >\r\n\t<div class=\"wpb_wrapper\">\r\n\t\t<p>Na Sala de Estudo, antes de mais, os alunos realizam individualmente as suas tarefas escolares, contando com a ajuda de professores \u2013 quer para acompanhar o seu ritmo de trabalho, quer para monitorizar a realiza\u00e7\u00e3o dos trabalhos propostos. Findas as tarefas escolares, os alunos devem realizar resumos das mat\u00e9rias lecionadas, de modo a prepararem futuros momentos de avalia\u00e7\u00e3o.<\/p>\n<p>A frequ\u00eancia desta sala visa a cria\u00e7\u00e3o de h\u00e1bitos de estudo di\u00e1rios no aluno, n\u00e3o s\u00f3 no que respeita \u00e0 realiza\u00e7\u00e3o dos trabalhos de casa, mas tamb\u00e9m no que concerne ao acompanhamento das mat\u00e9rias dadas nas diversas disciplinas. Para al\u00e9m disto, com a Sala de Estudo, pretende-se que os alunos usufruam o m\u00e1ximo de tempo poss\u00edvel da companhia da fam\u00edlia, realizando as suas tarefas escolares na escola, ap\u00f3s o fim das aulas, e n\u00e3o \u00e0 noite, em casa.<\/p>\n\t<\/div>\r\n<\/div>\r\n\r\n\r\n\r\n\n\t\t\t<\/div> \n\t\t<\/div>\n\t<\/div> \n\n\t<div  class=\"vc_col-sm-4 wpb_column column_container vc_column_container col no-extra-padding inherit_tablet inherit_phone\"  data-padding-pos=\"all\" data-has-bg-color=\"false\" data-bg-color=\"\" data-bg-opacity=\"1\" data-animation=\"\" data-delay=\"0\" >\n\t\t<div class=\"vc_column-inner\" >\n\t\t\t<div class=\"wpb_wrapper\">\n\t\t\t\t\n\t\t\t<\/div> \n\t\t<\/div>\n\t<\/div> \n<\/div><\/div>\r\n\t\t<div id=\"fws_69e77cc1985e8\"  data-column-margin=\"default\" data-midnight=\"dark\" data-top-percent=\"2%\" data-bottom-percent=\"2%\"  class=\"wpb_row vc_row-fluid vc_row calltoaction\"  style=\"padding-top: calc(100vw * 0.02); padding-bottom: calc(100vw * 0.02); \"><div class=\"row-bg-wrap\" data-bg-animation=\"none\" data-bg-overlay=\"false\"><div class=\"inner-wrap\"><div class=\"row-bg viewport-desktop\"  style=\"\"><\/div><\/div><\/div><div class=\"row_col_wrap_12 col span_12 dark center\">\n\t<div  class=\"vc_col-sm-12 wpb_column column_container vc_column_container col no-extra-padding inherit_tablet inherit_phone\"  data-padding-pos=\"all\" data-has-bg-color=\"false\" data-bg-color=\"\" data-bg-opacity=\"1\" data-animation=\"\" data-delay=\"0\" >\n\t\t<div class=\"vc_column-inner\" >\n\t\t\t<div class=\"wpb_wrapper\">\n\t\t\t\t\r\n<div class=\"wpb_text_column wpb_content_element\" >\r\n\t<div class=\"wpb_wrapper\">\r\n\t\t<h2>Schedule a visit<\/h2>\n\t<\/div>\r\n<\/div>\r\n\r\n\r\n\r\n<div class=\"divider-wrap\" data-alignment=\"default\"><div style=\"height: 50px;\" class=\"divider\"><\/div><\/div><div class=\"nectar-cta  alignment_tablet_default alignment_phone_default display_tablet_inherit display_phone_inherit\" data-color=\"default\" data-using-bg=\"false\" data-display=\"block\" data-style=\"underline\" data-alignment=\"center\" data-text-color=\"custom\" ><h5 style=\"color: #333333;\"> <span class=\"text\"> <\/span><span class=\"link_wrap\" ><a  class=\"link_text\" style=\"border-color: #333333;\" href=\"\/en\/marcar-visita\/\">Marcar Visita<\/a><\/span><\/h5><\/div>\n\t\t\t<\/div> \n\t\t<\/div>\n\t<\/div> \n<\/div><\/div>","protected":false},"excerpt":{"rendered":"Sala de Estudo Sala de Estudo do Col\u00e9gio D. Lu\u00edsa Sigea funciona de 2.\u00aa feira a 6.\u00aa feira nos seguintes hor\u00e1rios: 2.\u00aa a 5.\u00aa feira 6.\u00aa feira 1.\u00ba Ciclo 16h00...","protected":false},"author":1,"featured_media":0,"parent":0,"menu_order":0,"comment_status":"closed","ping_status":"closed","template":"","meta":{"_acf_changed":false,"advgb_blocks_editor_width":"","advgb_blocks_columns_visual_guide":"","_joinchat":[],"footnotes":"","_links_to":"","_links_to_target":""},"class_list":["post-168","page","type-page","status-publish"],"acf":[],"yoast_head":"<!-- This site is optimized with the Yoast SEO plugin v26.2 - https:\/\/yoast.com\/wordpress\/plugins\/seo\/ -->\n<title>Col\u00e9gio SIGEA - Sala de Estudo<\/title>\n<meta name=\"description\" content=\"Somos uma Fam\u00edlia h\u00e1 muito dedicada ao Ensino, que soube rodear-se de uma equipa competente e voluntariosa, cuja atua\u00e7\u00e3o di\u00e1ria est\u00e1 em linha com os valores defendidos pelo Col\u00e9gio.\" \/>\n<meta name=\"robots\" content=\"index, follow, max-snippet:-1, max-image-preview:large, max-video-preview:-1\" \/>\n<link rel=\"canonical\" href=\"http:\/\/sigea.pt\/en\/sala-de-estudo\/\" \/>\n<meta property=\"og:locale\" content=\"en_GB\" \/>\n<meta property=\"og:type\" content=\"article\" \/>\n<meta property=\"og:title\" content=\"Col\u00e9gio SIGEA - Sala de Estudo\" \/>\n<meta property=\"og:description\" content=\"Somos uma Fam\u00edlia h\u00e1 muito dedicada ao Ensino, que soube rodear-se de uma equipa competente e voluntariosa, cuja atua\u00e7\u00e3o di\u00e1ria est\u00e1 em linha com os valores defendidos pelo Col\u00e9gio.\" \/>\n<meta property=\"og:url\" content=\"http:\/\/sigea.pt\/en\/sala-de-estudo\/\" \/>\n<meta property=\"og:site_name\" content=\"Col\u00e9gio SIGEA\" \/>\n<meta property=\"article:publisher\" content=\"https:\/\/www.facebook.com\/clsigea\" \/>\n<meta property=\"article:modified_time\" content=\"2022-09-08T08:11:29+00:00\" \/>\n<meta name=\"twitter:card\" content=\"summary_large_image\" \/>\n<meta name=\"twitter:label1\" content=\"Estimated reading time\" \/>\n\t<meta name=\"twitter:data1\" content=\"2 minutes\" \/>\n<script type=\"application\/ld+json\" class=\"yoast-schema-graph\">{\"@context\":\"https:\/\/schema.org\",\"@graph\":[{\"@type\":\"WebPage\",\"@id\":\"http:\/\/sigea.pt\/sala-de-estudo\/\",\"url\":\"http:\/\/sigea.pt\/sala-de-estudo\/\",\"name\":\"Col\u00e9gio SIGEA - Sala de Estudo\",\"isPartOf\":{\"@id\":\"https:\/\/sigea.pt\/#website\"},\"datePublished\":\"2020-03-31T10:15:08+00:00\",\"dateModified\":\"2022-09-08T08:11:29+00:00\",\"description\":\"Somos uma Fam\u00edlia h\u00e1 muito dedicada ao Ensino, que soube rodear-se de uma equipa competente e voluntariosa, cuja atua\u00e7\u00e3o di\u00e1ria est\u00e1 em linha com os valores defendidos pelo Col\u00e9gio.\",\"breadcrumb\":{\"@id\":\"http:\/\/sigea.pt\/sala-de-estudo\/#breadcrumb\"},\"inLanguage\":\"en-GB\",\"potentialAction\":[{\"@type\":\"ReadAction\",\"target\":[\"http:\/\/sigea.pt\/sala-de-estudo\/\"]}]},{\"@type\":\"BreadcrumbList\",\"@id\":\"http:\/\/sigea.pt\/sala-de-estudo\/#breadcrumb\",\"itemListElement\":[{\"@type\":\"ListItem\",\"position\":1,\"name\":\"In\u00edcio\",\"item\":\"https:\/\/sigea.pt\/\"},{\"@type\":\"ListItem\",\"position\":2,\"name\":\"Sala de Estudo\"}]},{\"@type\":\"WebSite\",\"@id\":\"https:\/\/sigea.pt\/#website\",\"url\":\"https:\/\/sigea.pt\/\",\"name\":\"Col\u00e9gio SIGEA\",\"description\":\"Educar o Futuro\",\"publisher\":{\"@id\":\"https:\/\/sigea.pt\/#organization\"},\"potentialAction\":[{\"@type\":\"SearchAction\",\"target\":{\"@type\":\"EntryPoint\",\"urlTemplate\":\"https:\/\/sigea.pt\/?s={search_term_string}\"},\"query-input\":{\"@type\":\"PropertyValueSpecification\",\"valueRequired\":true,\"valueName\":\"search_term_string\"}}],\"inLanguage\":\"en-GB\"},{\"@type\":\"Organization\",\"@id\":\"https:\/\/sigea.pt\/#organization\",\"name\":\"Col\u00e9gio Sigea\",\"url\":\"https:\/\/sigea.pt\/\",\"logo\":{\"@type\":\"ImageObject\",\"inLanguage\":\"en-GB\",\"@id\":\"https:\/\/sigea.pt\/#\/schema\/logo\/image\/\",\"url\":\"https:\/\/sigea.pt\/wp-content\/uploads\/2019\/04\/logo-blue.png\",\"contentUrl\":\"https:\/\/sigea.pt\/wp-content\/uploads\/2019\/04\/logo-blue.png\",\"width\":150,\"height\":150,\"caption\":\"Col\u00e9gio Sigea\"},\"image\":{\"@id\":\"https:\/\/sigea.pt\/#\/schema\/logo\/image\/\"},\"sameAs\":[\"https:\/\/www.facebook.com\/clsigea\"]}]}<\/script>\n<!-- \/ Yoast SEO plugin. -->","yoast_head_json":{"title":"Col\u00e9gio SIGEA - Sala de Estudo","description":"We are a family that has been committed to teaching for a long time and therefore were able to choose a very competent and dedicated school staff, whose daily action is always according to the school values.","robots":{"index":"index","follow":"follow","max-snippet":"max-snippet:-1","max-image-preview":"max-image-preview:large","max-video-preview":"max-video-preview:-1"},"canonical":"http:\/\/sigea.pt\/en\/sala-de-estudo\/","og_locale":"en_GB","og_type":"article","og_title":"Col\u00e9gio SIGEA - Sala de Estudo","og_description":"Somos uma Fam\u00edlia h\u00e1 muito dedicada ao Ensino, que soube rodear-se de uma equipa competente e voluntariosa, cuja atua\u00e7\u00e3o di\u00e1ria est\u00e1 em linha com os valores defendidos pelo Col\u00e9gio.","og_url":"http:\/\/sigea.pt\/en\/sala-de-estudo\/","og_site_name":"Col\u00e9gio SIGEA","article_publisher":"https:\/\/www.facebook.com\/clsigea","article_modified_time":"2022-09-08T08:11:29+00:00","twitter_card":"summary_large_image","twitter_misc":{"Estimated reading time":"2 minutes"},"schema":{"@context":"https:\/\/schema.org","@graph":[{"@type":"WebPage","@id":"http:\/\/sigea.pt\/sala-de-estudo\/","url":"http:\/\/sigea.pt\/sala-de-estudo\/","name":"Col\u00e9gio SIGEA - Sala de Estudo","isPartOf":{"@id":"https:\/\/sigea.pt\/#website"},"datePublished":"2020-03-31T10:15:08+00:00","dateModified":"2022-09-08T08:11:29+00:00","description":"We are a family that has been committed to teaching for a long time and therefore were able to choose a very competent and dedicated school staff, whose daily action is always according to the school values.","breadcrumb":{"@id":"http:\/\/sigea.pt\/sala-de-estudo\/#breadcrumb"},"inLanguage":"en-GB","potentialAction":[{"@type":"ReadAction","target":["http:\/\/sigea.pt\/sala-de-estudo\/"]}]},{"@type":"BreadcrumbList","@id":"http:\/\/sigea.pt\/sala-de-estudo\/#breadcrumb","itemListElement":[{"@type":"ListItem","position":1,"name":"In\u00edcio","item":"https:\/\/sigea.pt\/"},{"@type":"ListItem","position":2,"name":"Sala de Estudo"}]},{"@type":"WebSite","@id":"https:\/\/sigea.pt\/#website","url":"https:\/\/sigea.pt\/","name":"Our School","description":"Educating the Future","publisher":{"@id":"https:\/\/sigea.pt\/#organization"},"potentialAction":[{"@type":"SearchAction","target":{"@type":"EntryPoint","urlTemplate":"https:\/\/sigea.pt\/?s={search_term_string}"},"query-input":{"@type":"PropertyValueSpecification","valueRequired":true,"valueName":"search_term_string"}}],"inLanguage":"en-GB"},{"@type":"Organization","@id":"https:\/\/sigea.pt\/#organization","name":"Col\u00e9gio Sigea","url":"https:\/\/sigea.pt\/","logo":{"@type":"ImageObject","inLanguage":"en-GB","@id":"https:\/\/sigea.pt\/#\/schema\/logo\/image\/","url":"https:\/\/sigea.pt\/wp-content\/uploads\/2019\/04\/logo-blue.png","contentUrl":"https:\/\/sigea.pt\/wp-content\/uploads\/2019\/04\/logo-blue.png","width":150,"height":150,"caption":"Col\u00e9gio Sigea"},"image":{"@id":"https:\/\/sigea.pt\/#\/schema\/logo\/image\/"},"sameAs":["https:\/\/www.facebook.com\/clsigea"]}]}},"coauthors":[],"author_meta":{"author_link":"https:\/\/sigea.pt\/en\/author\/bastudio\/","display_name":"bastudio"},"relative_dates":{"created":"Posted 6 years ago","modified":"Updated 4 years ago"},"absolute_dates":{"created":"Posted on 31\/03\/2020","modified":"Updated on 08\/09\/2022"},"absolute_dates_time":{"created":"Posted on 31\/03\/2020 10:15","modified":"Updated on 08\/09\/2022 8:11"},"featured_img_caption":"","featured_img":false,"series_order":"","_links":{"self":[{"href":"https:\/\/sigea.pt\/en\/wp-json\/wp\/v2\/pages\/168","targetHints":{"allow":["GET"]}}],"collection":[{"href":"https:\/\/sigea.pt\/en\/wp-json\/wp\/v2\/pages"}],"about":[{"href":"https:\/\/sigea.pt\/en\/wp-json\/wp\/v2\/types\/page"}],"author":[{"embeddable":true,"href":"https:\/\/sigea.pt\/en\/wp-json\/wp\/v2\/users\/1"}],"replies":[{"embeddable":true,"href":"https:\/\/sigea.pt\/en\/wp-json\/wp\/v2\/comments?post=168"}],"version-history":[{"count":0,"href":"https:\/\/sigea.pt\/en\/wp-json\/wp\/v2\/pages\/168\/revisions"}],"wp:attachment":[{"href":"https:\/\/sigea.pt\/en\/wp-json\/wp\/v2\/media?parent=168"}],"curies":[{"name":"wp","href":"https:\/\/api.w.org\/{rel}","templated":true}]}}