{"id":158,"date":"2020-03-31T10:12:22","date_gmt":"2020-03-31T10:12:22","guid":{"rendered":"https:\/\/sigea.pt\/?page_id=158"},"modified":"2023-05-09T13:19:52","modified_gmt":"2023-05-09T13:19:52","slug":"pre-escolar-old","status":"publish","type":"page","link":"https:\/\/sigea.pt\/en\/pre-escolar-old\/","title":{"rendered":"Kindergarten"},"content":{"rendered":"<div id=\"fws_69e77ca311b64\"  data-column-margin=\"default\" data-midnight=\"light\" data-top-percent=\"25%\" data-bottom-percent=\"5%\"  class=\"wpb_row vc_row-fluid vc_row full-width-section\"  style=\"padding-top: calc(100vw * 0.25); padding-bottom: calc(100vw * 0.05); \"><div class=\"row-bg-wrap\" data-bg-animation=\"none\" data-bg-overlay=\"true\"><div class=\"inner-wrap using-image\"><div class=\"row-bg viewport-desktop using-image\"  style=\"background-image: url(https:\/\/sigea.pt\/wp-content\/uploads\/2019\/05\/pre-escolar.jpg); background-position: center center; background-repeat: no-repeat; \"><\/div><\/div><div class=\"row-bg-overlay\" style=\"background-color:#020202;  opacity: 0.3; \"><\/div><\/div><div class=\"row_col_wrap_12 col span_12 light left\">\n\t<div  class=\"vc_col-sm-12 wpb_column column_container vc_column_container col no-extra-padding inherit_tablet inherit_phone\"  data-padding-pos=\"all\" data-has-bg-color=\"false\" data-bg-color=\"\" data-bg-opacity=\"1\" data-animation=\"\" data-delay=\"0\" >\n\t\t<div class=\"vc_column-inner\" >\n\t\t\t<div class=\"wpb_wrapper\">\n\t\t\t\t\r\n<div class=\"wpb_text_column wpb_content_element\" >\r\n\t<div class=\"wpb_wrapper\">\r\n\t\t<h1>Kindergarten<\/h1>\n\t<\/div>\r\n<\/div>\r\n\r\n\r\n\r\n\n\t\t\t<\/div> \n\t\t<\/div>\n\t<\/div> \n<\/div><\/div>\r\n\t\t<div id=\"fws_69e77ca3123fe\"  data-column-margin=\"default\" data-midnight=\"dark\"  class=\"wpb_row vc_row-fluid vc_row\"  style=\"padding-top: 0px; padding-bottom: 0px; \"><div class=\"row-bg-wrap\" data-bg-animation=\"none\" data-bg-overlay=\"false\"><div class=\"inner-wrap\"><div class=\"row-bg viewport-desktop\"  style=\"\"><\/div><\/div><\/div><div class=\"row_col_wrap_12 col span_12 dark left\">\n\t<div  class=\"vc_col-sm-8 wpb_column column_container vc_column_container col padding-5-percent inherit_tablet inherit_phone\"  data-padding-pos=\"top\" data-has-bg-color=\"false\" data-bg-color=\"\" data-bg-opacity=\"1\" data-animation=\"\" data-delay=\"0\" >\n\t\t<div class=\"vc_column-inner\" >\n\t\t\t<div class=\"wpb_wrapper\">\n\t\t\t\t\r\n<div class=\"wpb_text_column wpb_content_element\" >\r\n\t<div class=\"wpb_wrapper\">\r\n\t\t<h3>At this stage of great importance, we give priority to the development of multiple languages, which implies the interaction between the different areas of knowledge and a real pedagogical differentiation.<\/h3>\n\t<\/div>\r\n<\/div>\r\n\r\n\r\n\r\n\n\t\t\t<\/div> \n\t\t<\/div>\n\t<\/div> \n\n\t<div  class=\"vc_col-sm-4 wpb_column column_container vc_column_container col no-extra-padding inherit_tablet inherit_phone\"  data-padding-pos=\"all\" data-has-bg-color=\"false\" data-bg-color=\"\" data-bg-opacity=\"1\" data-animation=\"\" data-delay=\"0\" >\n\t\t<div class=\"vc_column-inner\" >\n\t\t\t<div class=\"wpb_wrapper\">\n\t\t\t\t\n\t\t\t<\/div> \n\t\t<\/div>\n\t<\/div> \n<\/div><\/div>\r\n\t\t<div id=\"fws_69e77ca312733\"  data-column-margin=\"default\" data-midnight=\"dark\"  class=\"wpb_row vc_row-fluid vc_row\"  style=\"padding-top: 0px; padding-bottom: 0px; \"><div class=\"row-bg-wrap\" data-bg-animation=\"none\" data-bg-overlay=\"false\"><div class=\"inner-wrap\"><div class=\"row-bg viewport-desktop\"  style=\"\"><\/div><\/div><\/div><div class=\"row_col_wrap_12 col span_12 dark left\">\n\t<div  class=\"vc_col-sm-8 wpb_column column_container vc_column_container col no-extra-padding inherit_tablet inherit_phone\"  data-padding-pos=\"all\" data-has-bg-color=\"false\" data-bg-color=\"\" data-bg-opacity=\"1\" data-animation=\"\" data-delay=\"0\" >\n\t\t<div class=\"vc_column-inner\" >\n\t\t\t<div class=\"wpb_wrapper\">\n\t\t\t\t\r\n<div class=\"wpb_text_column wpb_content_element\" >\r\n\t<div class=\"wpb_wrapper\">\r\n\t\t<p>Therefore, our main goal is to promote the full and balanced development of each child, in their personal, social and cognitive skills, which will be the basis not only for a promising school future, but also and above all, for the multiple challenges they will face in life.<\/p>\n<p>Through an articulate work between the two different classrooms (kindergarten and pre-school), which gradually stimulate the child with their activities, we have proposed ourselves to achieve the following goals:<\/p>\n<ul>\n<li>To help the children believe in themselves by recognising their strengths and weaknesses;<\/li>\n<li>To improve their confidence in their classmates and adults;<\/li>\n<li>To acquire autonomy and responsibility for their decisions and to be able to have some self-control;<\/li>\n<li>To smoothly change their typical age behaviour of egocentrism into altruism;<\/li>\n<li>To progressively start working in larger groups;<\/li>\n<li>To develop their fine skills and improve their motor, plastic, musical and drama skills;<\/li>\n<li>To discriminate visual, tactile, taste, olfactory and auditory stimuli;<\/li>\n<li>To acquire the notion of place and time, first concerning their own body and later referring to other objects or people;<\/li>\n<li>To define their laterality;<\/li>\n<li>To be able to mentally represent spatial movements;<\/li>\n<li>To develop their speaking skills;<\/li>\n<li>To apply mathematical concepts to their daily life experiences;<\/li>\n<li>To stimulate their curiosity to try to find the answers for their questions;<\/li>\n<li>To get them in touch with science in order for them to feel more curious and feel the need to learn; And so many others possible at this early stage of learning!<\/li>\n<\/ul>\n\t<\/div>\r\n<\/div>\r\n\r\n\r\n\r\n<div class=\"divider-wrap\" data-alignment=\"default\"><div style=\"height: 30px;\" class=\"divider\"><\/div><\/div><div id=\"fws_69e77ca312d8c\" data-midnight=\"\" data-column-margin=\"default\" class=\"wpb_row vc_row-fluid vc_row inner_row\"  style=\"\"><div class=\"row-bg-wrap\"> <div class=\"row-bg\" ><\/div> <\/div><div class=\"row_col_wrap_12_inner col span_12  left\">\n\t<div  class=\"vc_col-sm-6 wpb_column column_container vc_column_container col child_column no-extra-padding inherit_tablet inherit_phone\"   data-padding-pos=\"all\" data-has-bg-color=\"false\" data-bg-color=\"\" data-bg-opacity=\"1\" data-animation=\"\" data-delay=\"0\" >\n\t\t<div class=\"vc_column-inner\" >\n\t\t<div class=\"wpb_wrapper\">\n\t\t\t<a class=\"nectar-button large regular accent-color has-icon  regular-button\"  style=\"\" target=\"_blank\" href=\"https:\/\/sigea.pt\/wp-content\/uploads\/2022\/09\/PARA-SITE-Livro-Infantil-2021-2022.pdf\" data-color-override=\"false\" data-hover-color-override=\"false\" data-hover-text-color-override=\"#fff\"><span>Kindergarten Program<\/span><i  class=\"fa fa-file-pdf-o\"><\/i><\/a>\n\t\t<\/div> \n\t<\/div>\n\t<\/div> \n\n\t<div  class=\"vc_col-sm-6 wpb_column column_container vc_column_container col child_column no-extra-padding inherit_tablet inherit_phone\"   data-padding-pos=\"all\" data-has-bg-color=\"false\" data-bg-color=\"\" data-bg-opacity=\"1\" data-animation=\"\" data-delay=\"0\" >\n\t\t<div class=\"vc_column-inner\" >\n\t\t<div class=\"wpb_wrapper\">\n\t\t\t<a class=\"nectar-button large regular accent-color has-icon  regular-button\"  style=\"\" target=\"_blank\" href=\"https:\/\/sigea.pt\/wp-content\/uploads\/2022\/09\/PARA-SITE-Livro-Pre-Primaria-2021-2022.pdf\" data-color-override=\"false\" data-hover-color-override=\"false\" data-hover-text-color-override=\"#fff\"><span>Preschool Program<\/span><i  class=\"fa fa-file-pdf-o\"><\/i><\/a>\n\t\t<\/div> \n\t<\/div>\n\t<\/div> \n<\/div><\/div>\n\t\t\t<\/div> \n\t\t<\/div>\n\t<\/div> \n\n\t<div  class=\"vc_col-sm-4 wpb_column column_container vc_column_container col no-extra-padding inherit_tablet inherit_phone\"  data-padding-pos=\"all\" data-has-bg-color=\"false\" data-bg-color=\"\" data-bg-opacity=\"1\" data-animation=\"\" data-delay=\"0\" >\n\t\t<div class=\"vc_column-inner\" >\n\t\t\t<div class=\"wpb_wrapper\">\n\t\t\t\t\n\t\t\t<\/div> \n\t\t<\/div>\n\t<\/div> \n<\/div><\/div>\r\n\t\t<div id=\"fws_69e77ca3137cd\"  data-column-margin=\"default\" data-midnight=\"dark\" data-top-percent=\"2%\" data-bottom-percent=\"2%\"  class=\"wpb_row vc_row-fluid vc_row calltoaction\"  style=\"padding-top: calc(100vw * 0.02); padding-bottom: calc(100vw * 0.02); \"><div class=\"row-bg-wrap\" data-bg-animation=\"none\" data-bg-overlay=\"false\"><div class=\"inner-wrap\"><div class=\"row-bg viewport-desktop\"  style=\"\"><\/div><\/div><\/div><div class=\"row_col_wrap_12 col span_12 dark center\">\n\t<div  class=\"vc_col-sm-12 wpb_column column_container vc_column_container col no-extra-padding inherit_tablet inherit_phone\"  data-padding-pos=\"all\" data-has-bg-color=\"false\" data-bg-color=\"\" data-bg-opacity=\"1\" data-animation=\"\" data-delay=\"0\" >\n\t\t<div class=\"vc_column-inner\" >\n\t\t\t<div class=\"wpb_wrapper\">\n\t\t\t\t\r\n<div class=\"wpb_text_column wpb_content_element\" >\r\n\t<div class=\"wpb_wrapper\">\r\n\t\t<h2>Now that you know us better<\/h2>\n\t<\/div>\r\n<\/div>\r\n\r\n\r\n\r\n<div class=\"divider-wrap\" data-alignment=\"default\"><div style=\"height: 50px;\" class=\"divider\"><\/div><\/div><div class=\"nectar-cta  alignment_tablet_default alignment_phone_default display_tablet_inherit display_phone_inherit\" data-color=\"default\" data-using-bg=\"false\" data-display=\"block\" data-style=\"underline\" data-alignment=\"center\" data-text-color=\"custom\" ><h5 style=\"color: #333333;\"> <span class=\"text\"> <\/span><span class=\"link_wrap\" ><a  class=\"link_text\" style=\"border-color: #333333;\" href=\"\/en\/contactos\/\">Contact Us<\/a><\/span><\/h5><\/div>\n\t\t\t<\/div> \n\t\t<\/div>\n\t<\/div> \n<\/div><\/div>","protected":false},"excerpt":{"rendered":"Pr\u00e9-Escolar Nesta etapa de grande import\u00e2ncia, damos prioridade ao desenvolvimento e \u00e0 valoriza\u00e7\u00e3o das m\u00faltiplas linguagens, o que pressup\u00f5e a articula\u00e7\u00e3o das diferentes \u00e1reas do saber e uma real diferencia\u00e7\u00e3o...","protected":false},"author":1,"featured_media":0,"parent":0,"menu_order":0,"comment_status":"closed","ping_status":"closed","template":"","meta":{"_acf_changed":false,"advgb_blocks_editor_width":"","advgb_blocks_columns_visual_guide":"","_joinchat":[],"footnotes":"","_links_to":"","_links_to_target":""},"class_list":["post-158","page","type-page","status-publish"],"acf":[],"yoast_head":"<!-- This site is optimized with the Yoast SEO plugin v26.2 - https:\/\/yoast.com\/wordpress\/plugins\/seo\/ -->\n<title>Col\u00e9gio SIGEA - Pr\u00e9-Escolar<\/title>\n<meta name=\"description\" content=\"Somos uma Fam\u00edlia h\u00e1 muito dedicada ao Ensino, que soube rodear-se de uma equipa competente e voluntariosa, cuja atua\u00e7\u00e3o di\u00e1ria est\u00e1 em linha com os valores defendidos pelo Col\u00e9gio.\" \/>\n<meta name=\"robots\" content=\"index, follow, max-snippet:-1, max-image-preview:large, max-video-preview:-1\" \/>\n<link rel=\"canonical\" href=\"http:\/\/sigea.pt\/en\/pre-escolar-old\/\" \/>\n<meta property=\"og:locale\" content=\"en_GB\" \/>\n<meta property=\"og:type\" content=\"article\" \/>\n<meta property=\"og:title\" content=\"Col\u00e9gio SIGEA - Pr\u00e9-Escolar\" \/>\n<meta property=\"og:description\" content=\"Somos uma Fam\u00edlia h\u00e1 muito dedicada ao Ensino, que soube rodear-se de uma equipa competente e voluntariosa, cuja atua\u00e7\u00e3o di\u00e1ria est\u00e1 em linha com os valores defendidos pelo Col\u00e9gio.\" \/>\n<meta property=\"og:url\" content=\"http:\/\/sigea.pt\/en\/pre-escolar-old\/\" \/>\n<meta property=\"og:site_name\" content=\"Col\u00e9gio SIGEA\" \/>\n<meta property=\"article:publisher\" content=\"https:\/\/www.facebook.com\/clsigea\" \/>\n<meta property=\"article:modified_time\" content=\"2023-05-09T13:19:52+00:00\" \/>\n<meta name=\"twitter:card\" content=\"summary_large_image\" \/>\n<meta name=\"twitter:label1\" content=\"Estimated reading time\" \/>\n\t<meta name=\"twitter:data1\" content=\"4 minutes\" \/>\n<script type=\"application\/ld+json\" class=\"yoast-schema-graph\">{\"@context\":\"https:\/\/schema.org\",\"@graph\":[{\"@type\":\"WebPage\",\"@id\":\"http:\/\/sigea.pt\/pre-escolar-old\/\",\"url\":\"http:\/\/sigea.pt\/pre-escolar-old\/\",\"name\":\"Col\u00e9gio SIGEA - Pr\u00e9-Escolar\",\"isPartOf\":{\"@id\":\"https:\/\/sigea.pt\/#website\"},\"datePublished\":\"2020-03-31T10:12:22+00:00\",\"dateModified\":\"2023-05-09T13:19:52+00:00\",\"description\":\"Somos uma Fam\u00edlia h\u00e1 muito dedicada ao Ensino, que soube rodear-se de uma equipa competente e voluntariosa, cuja atua\u00e7\u00e3o di\u00e1ria est\u00e1 em linha com os valores defendidos pelo Col\u00e9gio.\",\"breadcrumb\":{\"@id\":\"http:\/\/sigea.pt\/pre-escolar-old\/#breadcrumb\"},\"inLanguage\":\"en-GB\",\"potentialAction\":[{\"@type\":\"ReadAction\",\"target\":[\"http:\/\/sigea.pt\/pre-escolar-old\/\"]}]},{\"@type\":\"BreadcrumbList\",\"@id\":\"http:\/\/sigea.pt\/pre-escolar-old\/#breadcrumb\",\"itemListElement\":[{\"@type\":\"ListItem\",\"position\":1,\"name\":\"In\u00edcio\",\"item\":\"https:\/\/sigea.pt\/\"},{\"@type\":\"ListItem\",\"position\":2,\"name\":\"Pr\u00e9-Escolar\"}]},{\"@type\":\"WebSite\",\"@id\":\"https:\/\/sigea.pt\/#website\",\"url\":\"https:\/\/sigea.pt\/\",\"name\":\"Col\u00e9gio SIGEA\",\"description\":\"Educar o Futuro\",\"publisher\":{\"@id\":\"https:\/\/sigea.pt\/#organization\"},\"potentialAction\":[{\"@type\":\"SearchAction\",\"target\":{\"@type\":\"EntryPoint\",\"urlTemplate\":\"https:\/\/sigea.pt\/?s={search_term_string}\"},\"query-input\":{\"@type\":\"PropertyValueSpecification\",\"valueRequired\":true,\"valueName\":\"search_term_string\"}}],\"inLanguage\":\"en-GB\"},{\"@type\":\"Organization\",\"@id\":\"https:\/\/sigea.pt\/#organization\",\"name\":\"Col\u00e9gio Sigea\",\"url\":\"https:\/\/sigea.pt\/\",\"logo\":{\"@type\":\"ImageObject\",\"inLanguage\":\"en-GB\",\"@id\":\"https:\/\/sigea.pt\/#\/schema\/logo\/image\/\",\"url\":\"https:\/\/sigea.pt\/wp-content\/uploads\/2019\/04\/logo-blue.png\",\"contentUrl\":\"https:\/\/sigea.pt\/wp-content\/uploads\/2019\/04\/logo-blue.png\",\"width\":150,\"height\":150,\"caption\":\"Col\u00e9gio Sigea\"},\"image\":{\"@id\":\"https:\/\/sigea.pt\/#\/schema\/logo\/image\/\"},\"sameAs\":[\"https:\/\/www.facebook.com\/clsigea\"]}]}<\/script>\n<!-- \/ Yoast SEO plugin. -->","yoast_head_json":{"title":"Col\u00e9gio SIGEA - Pr\u00e9-Escolar","description":"We are a family that has been committed to teaching for a long time and therefore were able to choose a very competent and dedicated school staff, whose daily action is always according to the school values.","robots":{"index":"index","follow":"follow","max-snippet":"max-snippet:-1","max-image-preview":"max-image-preview:large","max-video-preview":"max-video-preview:-1"},"canonical":"http:\/\/sigea.pt\/en\/pre-escolar-old\/","og_locale":"en_GB","og_type":"article","og_title":"Col\u00e9gio SIGEA - Pr\u00e9-Escolar","og_description":"Somos uma Fam\u00edlia h\u00e1 muito dedicada ao Ensino, que soube rodear-se de uma equipa competente e voluntariosa, cuja atua\u00e7\u00e3o di\u00e1ria est\u00e1 em linha com os valores defendidos pelo Col\u00e9gio.","og_url":"http:\/\/sigea.pt\/en\/pre-escolar-old\/","og_site_name":"Col\u00e9gio SIGEA","article_publisher":"https:\/\/www.facebook.com\/clsigea","article_modified_time":"2023-05-09T13:19:52+00:00","twitter_card":"summary_large_image","twitter_misc":{"Estimated reading time":"4 minutes"},"schema":{"@context":"https:\/\/schema.org","@graph":[{"@type":"WebPage","@id":"http:\/\/sigea.pt\/pre-escolar-old\/","url":"http:\/\/sigea.pt\/pre-escolar-old\/","name":"Col\u00e9gio SIGEA - Pr\u00e9-Escolar","isPartOf":{"@id":"https:\/\/sigea.pt\/#website"},"datePublished":"2020-03-31T10:12:22+00:00","dateModified":"2023-05-09T13:19:52+00:00","description":"We are a family that has been committed to teaching for a long time and therefore were able to choose a very competent and dedicated school staff, whose daily action is always according to the school values.","breadcrumb":{"@id":"http:\/\/sigea.pt\/pre-escolar-old\/#breadcrumb"},"inLanguage":"en-GB","potentialAction":[{"@type":"ReadAction","target":["http:\/\/sigea.pt\/pre-escolar-old\/"]}]},{"@type":"BreadcrumbList","@id":"http:\/\/sigea.pt\/pre-escolar-old\/#breadcrumb","itemListElement":[{"@type":"ListItem","position":1,"name":"In\u00edcio","item":"https:\/\/sigea.pt\/"},{"@type":"ListItem","position":2,"name":"Pr\u00e9-Escolar"}]},{"@type":"WebSite","@id":"https:\/\/sigea.pt\/#website","url":"https:\/\/sigea.pt\/","name":"Our School","description":"Educating the Future","publisher":{"@id":"https:\/\/sigea.pt\/#organization"},"potentialAction":[{"@type":"SearchAction","target":{"@type":"EntryPoint","urlTemplate":"https:\/\/sigea.pt\/?s={search_term_string}"},"query-input":{"@type":"PropertyValueSpecification","valueRequired":true,"valueName":"search_term_string"}}],"inLanguage":"en-GB"},{"@type":"Organization","@id":"https:\/\/sigea.pt\/#organization","name":"Col\u00e9gio Sigea","url":"https:\/\/sigea.pt\/","logo":{"@type":"ImageObject","inLanguage":"en-GB","@id":"https:\/\/sigea.pt\/#\/schema\/logo\/image\/","url":"https:\/\/sigea.pt\/wp-content\/uploads\/2019\/04\/logo-blue.png","contentUrl":"https:\/\/sigea.pt\/wp-content\/uploads\/2019\/04\/logo-blue.png","width":150,"height":150,"caption":"Col\u00e9gio Sigea"},"image":{"@id":"https:\/\/sigea.pt\/#\/schema\/logo\/image\/"},"sameAs":["https:\/\/www.facebook.com\/clsigea"]}]}},"coauthors":[],"author_meta":{"author_link":"https:\/\/sigea.pt\/en\/author\/bastudio\/","display_name":"bastudio"},"relative_dates":{"created":"Posted 6 years ago","modified":"Updated 3 years ago"},"absolute_dates":{"created":"Posted on 31\/03\/2020","modified":"Updated on 09\/05\/2023"},"absolute_dates_time":{"created":"Posted on 31\/03\/2020 10:12","modified":"Updated on 09\/05\/2023 13:19"},"featured_img_caption":"","featured_img":false,"series_order":"","_links":{"self":[{"href":"https:\/\/sigea.pt\/en\/wp-json\/wp\/v2\/pages\/158","targetHints":{"allow":["GET"]}}],"collection":[{"href":"https:\/\/sigea.pt\/en\/wp-json\/wp\/v2\/pages"}],"about":[{"href":"https:\/\/sigea.pt\/en\/wp-json\/wp\/v2\/types\/page"}],"author":[{"embeddable":true,"href":"https:\/\/sigea.pt\/en\/wp-json\/wp\/v2\/users\/1"}],"replies":[{"embeddable":true,"href":"https:\/\/sigea.pt\/en\/wp-json\/wp\/v2\/comments?post=158"}],"version-history":[{"count":0,"href":"https:\/\/sigea.pt\/en\/wp-json\/wp\/v2\/pages\/158\/revisions"}],"wp:attachment":[{"href":"https:\/\/sigea.pt\/en\/wp-json\/wp\/v2\/media?parent=158"}],"curies":[{"name":"wp","href":"https:\/\/api.w.org\/{rel}","templated":true}]}}