{"id":114,"date":"2020-03-31T09:56:30","date_gmt":"2020-03-31T09:56:30","guid":{"rendered":"https:\/\/sigea.pt\/?page_id=114"},"modified":"2025-09-17T09:07:46","modified_gmt":"2025-09-17T08:07:46","slug":"2o-ano","status":"publish","type":"page","link":"https:\/\/sigea.pt\/en\/horarios\/2o-ano\/","title":{"rendered":"2nd Year"},"content":{"rendered":"<div id=\"fws_69e77ebc69674\"  data-column-margin=\"default\" data-midnight=\"light\" data-top-percent=\"25%\" data-bottom-percent=\"5%\"  class=\"wpb_row vc_row-fluid vc_row full-width-section\"  style=\"padding-top: calc(100vw * 0.25); padding-bottom: calc(100vw * 0.05); \"><div class=\"row-bg-wrap\" data-bg-animation=\"none\" data-bg-overlay=\"true\"><div class=\"inner-wrap using-image\"><div class=\"row-bg viewport-desktop using-image\"  style=\"background-image: url(https:\/\/sigea.pt\/wp-content\/uploads\/2019\/06\/1o2o3o4o.jpg); background-position: left bottom; background-repeat: no-repeat; \"><\/div><\/div><div class=\"row-bg-overlay\" style=\"background-color:#020202;  opacity: 0.5; \"><\/div><\/div><div class=\"row_col_wrap_12 col span_12 light left\">\n\t<div  class=\"vc_col-sm-12 wpb_column column_container vc_column_container col no-extra-padding\"  data-padding-pos=\"all\" data-has-bg-color=\"false\" data-bg-color=\"\" data-bg-opacity=\"1\" data-animation=\"\" data-delay=\"0\" >\n\t\t<div class=\"vc_column-inner\" >\n\t\t\t<div class=\"wpb_wrapper\">\n\t\t\t\t\r\n<div class=\"wpb_text_column wpb_content_element\" >\r\n\t<div class=\"wpb_wrapper\">\r\n\t\t<h6>HOR\u00c1RIOS<\/h6>\n\t<\/div>\r\n<\/div>\r\n\r\n\r\n\r\n\r\n<div class=\"wpb_text_column wpb_content_element\" >\r\n\t<div class=\"wpb_wrapper\">\r\n\t\t<h1>2nd Year<\/h1>\n\t<\/div>\r\n<\/div>\r\n\r\n\r\n\r\n\n\t\t\t<\/div> \n\t\t<\/div>\n\t<\/div> \n<\/div><\/div>\r\n\t\t<div id=\"fws_69e77ebc69f70\"  data-column-margin=\"default\" data-midnight=\"dark\"  class=\"wpb_row vc_row-fluid vc_row\"  style=\"padding-top: 0px; padding-bottom: 0px; \"><div class=\"row-bg-wrap\" data-bg-animation=\"none\" data-bg-overlay=\"false\"><div class=\"inner-wrap\"><div class=\"row-bg viewport-desktop\"  style=\"\"><\/div><\/div><\/div><div class=\"row_col_wrap_12 col span_12 dark left\">\n\t<div  class=\"vc_col-sm-12 wpb_column column_container vc_column_container col padding-5-percent\"  data-padding-pos=\"top\" data-has-bg-color=\"false\" data-bg-color=\"\" data-bg-opacity=\"1\" data-animation=\"\" data-delay=\"0\" >\n\t\t<div class=\"vc_column-inner\" >\n\t\t\t<div class=\"wpb_wrapper\">\n\t\t\t\t<div id=\"fws_69e77ebc6a403\" data-midnight=\"\" data-column-margin=\"default\" class=\"wpb_row vc_row-fluid vc_row inner_row\"  style=\"padding-bottom: 2%; \"><div class=\"row-bg-wrap\"> <div class=\"row-bg\" ><\/div> <\/div><div class=\"row_col_wrap_12_inner col span_12  left\">\n\t<div  class=\"vc_col-sm-8 wpb_column column_container vc_column_container col child_column no-extra-padding\"   data-padding-pos=\"all\" data-has-bg-color=\"false\" data-bg-color=\"\" data-bg-opacity=\"1\" data-animation=\"\" data-delay=\"0\" >\n\t\t<div class=\"vc_column-inner\" >\n\t\t<div class=\"wpb_wrapper\">\n\t\t\t\r\n<div class=\"wpb_text_column wpb_content_element\" >\r\n\t<div class=\"wpb_wrapper\">\r\n\t\t<p>2025-2026<\/p>\n<table width=\"100%\">\n<tbody>\n<tr>\n<td width=\"16%\">\n<p style=\"text-align: center\"><strong>HORAS<\/strong><\/p>\n<\/td>\n<td style=\"text-align: center\" width=\"16%\"><strong>2.\u00aa feira<\/strong><\/td>\n<td style=\"text-align: center\" width=\"16%\"><strong>3.\u00aa feira<\/strong><\/td>\n<td style=\"text-align: center\" width=\"16%\"><strong>4.\u00aa feira<\/strong><\/td>\n<td style=\"text-align: center\" width=\"16%\"><strong>5.\u00aa feira<\/strong><\/td>\n<td width=\"16%\">\n<p style=\"text-align: center\"><strong>6.\u00aa feira<\/strong><\/p>\n<\/td>\n<\/tr>\n<tr>\n<td width=\"16%\">\n<p style=\"text-align: center\">8:30<\/p>\n<\/td>\n<td style=\"text-align: center\" rowspan=\"3\" width=\"16%\">PORT.<\/td>\n<td style=\"text-align: center\" width=\"16%\">ING. &#8211; E.L.A.<\/td>\n<td style=\"text-align: center\" rowspan=\"3\" width=\"16%\">PORT.<\/td>\n<td style=\"text-align: center\" width=\"16%\">ING. &#8211; E.L.A.<\/td>\n<td style=\"text-align: center\" rowspan=\"2\" width=\"16%\">A. ESTUDO<\/td>\n<\/tr>\n<tr>\n<td width=\"16%\">\n<p style=\"text-align: center\">9:15<\/p>\n<\/td>\n<td rowspan=\"2\" width=\"16%\">\n<p style=\"text-align: center\">MAT.<\/p>\n<\/td>\n<td rowspan=\"3\" width=\"16%\">\n<p style=\"text-align: center\">MAT.<\/p>\n<\/td>\n<\/tr>\n<tr>\n<td width=\"16%\">\n<p style=\"text-align: center\">9:30<\/p>\n<\/td>\n<td width=\"16%\">\n<p style=\"text-align: center\">MAT.<\/p>\n<\/td>\n<\/tr>\n<tr>\n<td width=\"16%\">\n<p style=\"text-align: center\">10:00<\/p>\n<\/td>\n<td style=\"text-align: center\" width=\"16%\">MAT.<\/td>\n<td width=\"16%\">\n<p style=\"text-align: center\">MAT.<br \/>\n(Escola Virtual)<\/p>\n<\/td>\n<td width=\"16%\">\n<p style=\"text-align: center\">MAT.<\/p>\n<\/td>\n<td width=\"16%\">\n<p style=\"text-align: center\">PORT.<\/p>\n<\/td>\n<\/tr>\n<tr>\n<td width=\"16%\">\n<p style=\"text-align: center\">10:45<\/p>\n<\/td>\n<td colspan=\"5\" width=\"83%\">\n<p style=\"text-align: center\">INTERVALO<\/p>\n<\/td>\n<\/tr>\n<tr>\n<td width=\"16%\">\n<p style=\"text-align: center\">11:15<\/p>\n<\/td>\n<td style=\"text-align: center\" width=\"16%\">ING. &#8211; E.L.A.<\/td>\n<td style=\"text-align: center\" rowspan=\"3\" width=\"16%\">PORT.<\/td>\n<td style=\"text-align: center\" width=\"16%\">ING. &#8211; E.L.A.<\/td>\n<td style=\"text-align: center\" rowspan=\"3\" width=\"16%\">PORT.<\/td>\n<td style=\"text-align: center\" width=\"16%\">ING. &#8211; E.L.A.<\/td>\n<\/tr>\n<tr>\n<td style=\"text-align: center\" width=\"16%\">12:00<\/td>\n<td style=\"text-align: center\" rowspan=\"2\" width=\"16%\">MAT.<\/td>\n<td rowspan=\"2\" width=\"16%\">\n<p style=\"text-align: center\">MAT.<\/p>\n<\/td>\n<td width=\"16%\">\n<p style=\"text-align: center\">MAT.<\/p>\n<\/td>\n<\/tr>\n<tr>\n<td width=\"16%\">\n<p style=\"text-align: center\">12:30<\/p>\n<\/td>\n<td rowspan=\"2\" width=\"16%\">\n<p style=\"text-align: center\">T.I.C. \/ PORT.<\/p>\n<\/td>\n<\/tr>\n<tr>\n<td width=\"16%\">\n<p style=\"text-align: center\">12:45<\/p>\n<\/td>\n<td colspan=\"4\" rowspan=\"2\" width=\"66%\">\n<p style=\"text-align: center\">ALMO\u00c7O<\/p>\n<\/td>\n<\/tr>\n<tr>\n<td style=\"text-align: center\" width=\"16%\">13:30<\/td>\n<td width=\"16%\">\n<p style=\"text-align: center\">ALMO\u00c7O<\/p>\n<\/td>\n<\/tr>\n<tr>\n<td width=\"16%\">\n<p style=\"text-align: center\">13:45<\/p>\n<\/td>\n<td style=\"text-align: center\" rowspan=\"2\" width=\"16%\">E. MEIO<\/td>\n<td style=\"text-align: center\" rowspan=\"2\" width=\"16%\">EXP. DRAM.<\/td>\n<td style=\"text-align: center\" rowspan=\"2\" width=\"16%\">E. MEIO<\/td>\n<td style=\"text-align: center\" rowspan=\"2\" width=\"16%\">ART. VISUAIS<\/td>\n<td style=\"text-align: center\" rowspan=\"2\" width=\"16%\"><\/td>\n<\/tr>\n<tr>\n<td width=\"16%\">\n<p style=\"text-align: center\">14:30<\/p>\n<\/td>\n<\/tr>\n<tr>\n<td width=\"16%\">\n<p style=\"text-align: center\">15:15<\/p>\n<\/td>\n<td colspan=\"5\" width=\"83%\">\n<p style=\"text-align: center\">INTERVALO<\/p>\n<\/td>\n<\/tr>\n<tr>\n<td width=\"16%\">\n<p style=\"text-align: center\">15:30<\/p>\n<\/td>\n<td style=\"text-align: center\" width=\"16%\">RELIGION for 1st cycle (Catequese)<\/td>\n<td style=\"text-align: center\" width=\"16%\">ED. F\u00cdSICA<\/td>\n<td style=\"text-align: center\" width=\"16%\"><\/td>\n<td width=\"16%\">\n<p style=\"text-align: center\">ED. F\u00cdSICA<\/p>\n<\/td>\n<td width=\"16%\"><\/td>\n<\/tr>\n<\/tbody>\n<\/table>\n<p>Professora Titular de Turma: Margarida Ver\u00edssimo<br \/>\nHor\u00e1rio de atendimento: 6.\u00aa feira, \u00e0s 12:30<\/p>\n\n\t<\/div>\r\n<\/div>\r\n\r\n\r\n\r\n\n\t\t<\/div> \n\t<\/div>\n\t<\/div> \n\n\t<div  class=\"vc_col-sm-4 wpb_column column_container vc_column_container col child_column no-extra-padding\"   data-padding-pos=\"all\" data-has-bg-color=\"false\" data-bg-color=\"\" data-bg-opacity=\"1\" data-animation=\"\" data-delay=\"0\" >\n\t\t<div class=\"vc_column-inner\" >\n\t\t<div class=\"wpb_wrapper\">\n\t\t\t\n\t\t<\/div> \n\t<\/div>\n\t<\/div> \n<\/div><\/div>\n\t\t\t<\/div> \n\t\t<\/div>\n\t<\/div> \n<\/div><\/div>","protected":false},"excerpt":{"rendered":"HOR\u00c1RIOS 2.\u00ba Ano 2025-2026 HORAS 2.\u00aa feira 3.\u00aa feira 4.\u00aa feira 5.\u00aa feira 6.\u00aa feira 8:30 PORT. ING. &#8211; E.L.A. PORT. ING. &#8211; E.L.A. A. ESTUDO 9:15 MAT. MAT. 9:30...","protected":false},"author":1,"featured_media":0,"parent":108,"menu_order":0,"comment_status":"closed","ping_status":"closed","template":"","meta":{"_acf_changed":false,"advgb_blocks_editor_width":"","advgb_blocks_columns_visual_guide":"","_joinchat":[],"footnotes":"","_links_to":"","_links_to_target":""},"class_list":["post-114","page","type-page","status-publish"],"acf":[],"yoast_head":"<!-- This site is optimized with the Yoast SEO plugin v26.2 - https:\/\/yoast.com\/wordpress\/plugins\/seo\/ -->\n<title>Col\u00e9gio SIGEA - 2.\u00ba Ano<\/title>\n<meta name=\"description\" content=\"Somos uma Fam\u00edlia h\u00e1 muito dedicada ao Ensino, que soube rodear-se de uma equipa competente e voluntariosa, cuja atua\u00e7\u00e3o di\u00e1ria est\u00e1 em linha com os valores defendidos pelo Col\u00e9gio.\" \/>\n<meta name=\"robots\" content=\"index, follow, max-snippet:-1, max-image-preview:large, max-video-preview:-1\" \/>\n<link rel=\"canonical\" href=\"https:\/\/sigea.pt\/en\/horarios\/2o-ano\/\" \/>\n<meta property=\"og:locale\" content=\"en_GB\" \/>\n<meta property=\"og:type\" content=\"article\" \/>\n<meta property=\"og:title\" content=\"Col\u00e9gio SIGEA - 2.\u00ba Ano\" \/>\n<meta property=\"og:description\" content=\"Somos uma Fam\u00edlia h\u00e1 muito dedicada ao Ensino, que soube rodear-se de uma equipa competente e voluntariosa, cuja atua\u00e7\u00e3o di\u00e1ria est\u00e1 em linha com os valores defendidos pelo Col\u00e9gio.\" \/>\n<meta property=\"og:url\" content=\"https:\/\/sigea.pt\/en\/horarios\/2o-ano\/\" \/>\n<meta property=\"og:site_name\" content=\"Col\u00e9gio SIGEA\" \/>\n<meta property=\"article:publisher\" content=\"https:\/\/www.facebook.com\/clsigea\" \/>\n<meta property=\"article:modified_time\" content=\"2025-09-17T08:07:46+00:00\" \/>\n<meta name=\"twitter:card\" content=\"summary_large_image\" \/>\n<meta name=\"twitter:label1\" content=\"Estimated reading time\" \/>\n\t<meta name=\"twitter:data1\" content=\"1 minute\" \/>\n<script type=\"application\/ld+json\" class=\"yoast-schema-graph\">{\"@context\":\"https:\/\/schema.org\",\"@graph\":[{\"@type\":\"WebPage\",\"@id\":\"https:\/\/sigea.pt\/horarios\/2o-ano\/\",\"url\":\"https:\/\/sigea.pt\/horarios\/2o-ano\/\",\"name\":\"Col\u00e9gio SIGEA - 2.\u00ba Ano\",\"isPartOf\":{\"@id\":\"https:\/\/sigea.pt\/#website\"},\"datePublished\":\"2020-03-31T09:56:30+00:00\",\"dateModified\":\"2025-09-17T08:07:46+00:00\",\"description\":\"Somos uma Fam\u00edlia h\u00e1 muito dedicada ao Ensino, que soube rodear-se de uma equipa competente e voluntariosa, cuja atua\u00e7\u00e3o di\u00e1ria est\u00e1 em linha com os valores defendidos pelo Col\u00e9gio.\",\"breadcrumb\":{\"@id\":\"https:\/\/sigea.pt\/horarios\/2o-ano\/#breadcrumb\"},\"inLanguage\":\"en-GB\",\"potentialAction\":[{\"@type\":\"ReadAction\",\"target\":[\"https:\/\/sigea.pt\/horarios\/2o-ano\/\"]}]},{\"@type\":\"BreadcrumbList\",\"@id\":\"https:\/\/sigea.pt\/horarios\/2o-ano\/#breadcrumb\",\"itemListElement\":[{\"@type\":\"ListItem\",\"position\":1,\"name\":\"In\u00edcio\",\"item\":\"https:\/\/sigea.pt\/\"},{\"@type\":\"ListItem\",\"position\":2,\"name\":\"Hor\u00e1rios\",\"item\":\"https:\/\/sigea.pt\/horarios\/\"},{\"@type\":\"ListItem\",\"position\":3,\"name\":\"2.\u00ba Ano\"}]},{\"@type\":\"WebSite\",\"@id\":\"https:\/\/sigea.pt\/#website\",\"url\":\"https:\/\/sigea.pt\/\",\"name\":\"Col\u00e9gio SIGEA\",\"description\":\"Educar o Futuro\",\"publisher\":{\"@id\":\"https:\/\/sigea.pt\/#organization\"},\"potentialAction\":[{\"@type\":\"SearchAction\",\"target\":{\"@type\":\"EntryPoint\",\"urlTemplate\":\"https:\/\/sigea.pt\/?s={search_term_string}\"},\"query-input\":{\"@type\":\"PropertyValueSpecification\",\"valueRequired\":true,\"valueName\":\"search_term_string\"}}],\"inLanguage\":\"en-GB\"},{\"@type\":\"Organization\",\"@id\":\"https:\/\/sigea.pt\/#organization\",\"name\":\"Col\u00e9gio Sigea\",\"url\":\"https:\/\/sigea.pt\/\",\"logo\":{\"@type\":\"ImageObject\",\"inLanguage\":\"en-GB\",\"@id\":\"https:\/\/sigea.pt\/#\/schema\/logo\/image\/\",\"url\":\"https:\/\/sigea.pt\/wp-content\/uploads\/2019\/04\/logo-blue.png\",\"contentUrl\":\"https:\/\/sigea.pt\/wp-content\/uploads\/2019\/04\/logo-blue.png\",\"width\":150,\"height\":150,\"caption\":\"Col\u00e9gio Sigea\"},\"image\":{\"@id\":\"https:\/\/sigea.pt\/#\/schema\/logo\/image\/\"},\"sameAs\":[\"https:\/\/www.facebook.com\/clsigea\"]}]}<\/script>\n<!-- \/ Yoast SEO plugin. -->","yoast_head_json":{"title":"Col\u00e9gio SIGEA - 2.\u00ba Ano","description":"We are a family that has been committed to teaching for a long time and therefore were able to choose a very competent and dedicated school staff, whose daily action is always according to the school values.","robots":{"index":"index","follow":"follow","max-snippet":"max-snippet:-1","max-image-preview":"max-image-preview:large","max-video-preview":"max-video-preview:-1"},"canonical":"https:\/\/sigea.pt\/en\/horarios\/2o-ano\/","og_locale":"en_GB","og_type":"article","og_title":"Col\u00e9gio SIGEA - 2.\u00ba Ano","og_description":"Somos uma Fam\u00edlia h\u00e1 muito dedicada ao Ensino, que soube rodear-se de uma equipa competente e voluntariosa, cuja atua\u00e7\u00e3o di\u00e1ria est\u00e1 em linha com os valores defendidos pelo Col\u00e9gio.","og_url":"https:\/\/sigea.pt\/en\/horarios\/2o-ano\/","og_site_name":"Col\u00e9gio SIGEA","article_publisher":"https:\/\/www.facebook.com\/clsigea","article_modified_time":"2025-09-17T08:07:46+00:00","twitter_card":"summary_large_image","twitter_misc":{"Estimated reading time":"1 minute"},"schema":{"@context":"https:\/\/schema.org","@graph":[{"@type":"WebPage","@id":"https:\/\/sigea.pt\/horarios\/2o-ano\/","url":"https:\/\/sigea.pt\/horarios\/2o-ano\/","name":"Col\u00e9gio SIGEA - 2.\u00ba Ano","isPartOf":{"@id":"https:\/\/sigea.pt\/#website"},"datePublished":"2020-03-31T09:56:30+00:00","dateModified":"2025-09-17T08:07:46+00:00","description":"We are a family that has been committed to teaching for a long time and therefore were able to choose a very competent and dedicated school staff, whose daily action is always according to the school values.","breadcrumb":{"@id":"https:\/\/sigea.pt\/horarios\/2o-ano\/#breadcrumb"},"inLanguage":"en-GB","potentialAction":[{"@type":"ReadAction","target":["https:\/\/sigea.pt\/horarios\/2o-ano\/"]}]},{"@type":"BreadcrumbList","@id":"https:\/\/sigea.pt\/horarios\/2o-ano\/#breadcrumb","itemListElement":[{"@type":"ListItem","position":1,"name":"In\u00edcio","item":"https:\/\/sigea.pt\/"},{"@type":"ListItem","position":2,"name":"Hor\u00e1rios","item":"https:\/\/sigea.pt\/horarios\/"},{"@type":"ListItem","position":3,"name":"2.\u00ba Ano"}]},{"@type":"WebSite","@id":"https:\/\/sigea.pt\/#website","url":"https:\/\/sigea.pt\/","name":"Our School","description":"Educating the Future","publisher":{"@id":"https:\/\/sigea.pt\/#organization"},"potentialAction":[{"@type":"SearchAction","target":{"@type":"EntryPoint","urlTemplate":"https:\/\/sigea.pt\/?s={search_term_string}"},"query-input":{"@type":"PropertyValueSpecification","valueRequired":true,"valueName":"search_term_string"}}],"inLanguage":"en-GB"},{"@type":"Organization","@id":"https:\/\/sigea.pt\/#organization","name":"Col\u00e9gio Sigea","url":"https:\/\/sigea.pt\/","logo":{"@type":"ImageObject","inLanguage":"en-GB","@id":"https:\/\/sigea.pt\/#\/schema\/logo\/image\/","url":"https:\/\/sigea.pt\/wp-content\/uploads\/2019\/04\/logo-blue.png","contentUrl":"https:\/\/sigea.pt\/wp-content\/uploads\/2019\/04\/logo-blue.png","width":150,"height":150,"caption":"Col\u00e9gio Sigea"},"image":{"@id":"https:\/\/sigea.pt\/#\/schema\/logo\/image\/"},"sameAs":["https:\/\/www.facebook.com\/clsigea"]}]}},"coauthors":[],"author_meta":{"author_link":"https:\/\/sigea.pt\/en\/author\/bastudio\/","display_name":"bastudio"},"relative_dates":{"created":"Posted 6 years ago","modified":"Updated 7 months ago"},"absolute_dates":{"created":"Posted on 31\/03\/2020","modified":"Updated on 17\/09\/2025"},"absolute_dates_time":{"created":"Posted on 31\/03\/2020 9:56","modified":"Updated on 17\/09\/2025 9:07"},"featured_img_caption":"","featured_img":false,"series_order":"","_links":{"self":[{"href":"https:\/\/sigea.pt\/en\/wp-json\/wp\/v2\/pages\/114","targetHints":{"allow":["GET"]}}],"collection":[{"href":"https:\/\/sigea.pt\/en\/wp-json\/wp\/v2\/pages"}],"about":[{"href":"https:\/\/sigea.pt\/en\/wp-json\/wp\/v2\/types\/page"}],"author":[{"embeddable":true,"href":"https:\/\/sigea.pt\/en\/wp-json\/wp\/v2\/users\/1"}],"replies":[{"embeddable":true,"href":"https:\/\/sigea.pt\/en\/wp-json\/wp\/v2\/comments?post=114"}],"version-history":[{"count":2,"href":"https:\/\/sigea.pt\/en\/wp-json\/wp\/v2\/pages\/114\/revisions"}],"predecessor-version":[{"id":8470,"href":"https:\/\/sigea.pt\/en\/wp-json\/wp\/v2\/pages\/114\/revisions\/8470"}],"up":[{"embeddable":true,"href":"https:\/\/sigea.pt\/en\/wp-json\/wp\/v2\/pages\/108"}],"wp:attachment":[{"href":"https:\/\/sigea.pt\/en\/wp-json\/wp\/v2\/media?parent=114"}],"curies":[{"name":"wp","href":"https:\/\/api.w.org\/{rel}","templated":true}]}}